{"id":2095,"date":"2022-08-17T10:09:02","date_gmt":"2022-08-17T08:09:02","guid":{"rendered":"https:\/\/loko.ee\/?page_id=2095"},"modified":"2026-02-19T10:17:42","modified_gmt":"2026-02-19T08:17:42","slug":"koostooprojektid","status":"publish","type":"page","link":"https:\/\/www.loko.ee\/en\/koostooprojektid\/","title":{"rendered":"Koost\u00f6\u00f6d"},"content":{"rendered":"<p>Meie k\u00e4est on v\u00f5imalik eritellimusena ka oma ettev\u00f5tte logoga tooteid tellida. Logo saab eraldi etiketina peale lisada ja saunalinade puhul soovi korral ka kangasse sisse kududa. Hea idee kingituseks v\u00f5i meeneks, t\u00f6\u00f6tajatele v\u00f5i koost\u00f6\u00f6partneritele. Meie kaubavalikus on saunalinad, rannalinad, k\u00f6\u00f6gir\u00e4tikud, l\u00f5ikelauad ja palju muud toredat!<\/p>\n\n\n\n<p>Kui sul tekib m\u00f5ni k\u00fcsimus v\u00f5i idee, siis kirjuta meile oma soovidest info@loko.ee.<\/p>\n\n\n\n<p><br><\/p>\n\n\n\n<p>N\u00e4iteid senistest koost\u00f6\u00f6projektidest: <\/p>\n\n\n\n<figure class=\"wp-block-gallery has-nested-images columns-default is-cropped wp-block-gallery-1 is-layout-flex wp-block-gallery-is-layout-flex\">\n<figure class=\"wp-block-image size-large is-style-default\"><img loading=\"lazy\" decoding=\"async\" width=\"2560\" height=\"2560\" data-id=\"2096\" src=\"https:\/\/loko.ee\/wp-content\/uploads\/2022\/08\/LotusTimber_a\u0308rikingitus_Loko-scaled.jpg\" alt=\"\" class=\"wp-image-2096\" srcset=\"https:\/\/loko.ee\/wp-content\/uploads\/2022\/08\/LotusTimber_a\u0308rikingitus_Loko-scaled.jpg 2560w, https:\/\/loko.ee\/wp-content\/uploads\/2022\/08\/LotusTimber_a\u0308rikingitus_Loko-300x300.jpg 300w, https:\/\/loko.ee\/wp-content\/uploads\/2022\/08\/LotusTimber_a\u0308rikingitus_Loko-1024x1024.jpg 1024w, https:\/\/loko.ee\/wp-content\/uploads\/2022\/08\/LotusTimber_a\u0308rikingitus_Loko-150x150.jpg 150w, https:\/\/loko.ee\/wp-content\/uploads\/2022\/08\/LotusTimber_a\u0308rikingitus_Loko-768x768.jpg 768w, https:\/\/loko.ee\/wp-content\/uploads\/2022\/08\/LotusTimber_a\u0308rikingitus_Loko-1536x1536.jpg 1536w, https:\/\/loko.ee\/wp-content\/uploads\/2022\/08\/LotusTimber_a\u0308rikingitus_Loko-2048x2048.jpg 2048w, https:\/\/loko.ee\/wp-content\/uploads\/2022\/08\/LotusTimber_a\u0308rikingitus_Loko-12x12.jpg 12w, https:\/\/loko.ee\/wp-content\/uploads\/2022\/08\/LotusTimber_a\u0308rikingitus_Loko-360x360.jpg 360w, https:\/\/loko.ee\/wp-content\/uploads\/2022\/08\/LotusTimber_a\u0308rikingitus_Loko-600x600.jpg 600w, https:\/\/loko.ee\/wp-content\/uploads\/2022\/08\/LotusTimber_a\u0308rikingitus_Loko-100x100.jpg 100w\" sizes=\"auto, (max-width: 2560px) 100vw, 2560px\" \/><\/figure>\n\n\n\n<figure class=\"wp-block-image size-large\"><img loading=\"lazy\" decoding=\"async\" width=\"768\" height=\"1024\" data-id=\"3628\" src=\"https:\/\/loko.ee\/wp-content\/uploads\/2025\/03\/Logo_naidis21-1-768x1024.jpg\" alt=\"Firma logoga meene kingitus k\u00f6\u00f6gir\u00e4tik Loko\" class=\"wp-image-3628\" srcset=\"https:\/\/loko.ee\/wp-content\/uploads\/2025\/03\/Logo_naidis21-1-768x1024.jpg 768w, https:\/\/loko.ee\/wp-content\/uploads\/2025\/03\/Logo_naidis21-1-225x300.jpg 225w, https:\/\/loko.ee\/wp-content\/uploads\/2025\/03\/Logo_naidis21-1-1152x1536.jpg 1152w, https:\/\/loko.ee\/wp-content\/uploads\/2025\/03\/Logo_naidis21-1-1536x2048.jpg 1536w, https:\/\/loko.ee\/wp-content\/uploads\/2025\/03\/Logo_naidis21-1-9x12.jpg 9w, https:\/\/loko.ee\/wp-content\/uploads\/2025\/03\/Logo_naidis21-1-600x800.jpg 600w, https:\/\/loko.ee\/wp-content\/uploads\/2025\/03\/Logo_naidis21-1-scaled.jpg 1920w\" sizes=\"auto, (max-width: 768px) 100vw, 768px\" \/><\/figure>\n\n\n\n<figure class=\"wp-block-image size-large is-style-default\"><img loading=\"lazy\" decoding=\"async\" width=\"1024\" height=\"1024\" data-id=\"2097\" src=\"https:\/\/loko.ee\/wp-content\/uploads\/2022\/08\/LotusTimber_reklaamkingitus_Loko-1024x1024.jpg\" alt=\"\" class=\"wp-image-2097\" srcset=\"https:\/\/loko.ee\/wp-content\/uploads\/2022\/08\/LotusTimber_reklaamkingitus_Loko-1024x1024.jpg 1024w, https:\/\/loko.ee\/wp-content\/uploads\/2022\/08\/LotusTimber_reklaamkingitus_Loko-300x300.jpg 300w, https:\/\/loko.ee\/wp-content\/uploads\/2022\/08\/LotusTimber_reklaamkingitus_Loko-150x150.jpg 150w, https:\/\/loko.ee\/wp-content\/uploads\/2022\/08\/LotusTimber_reklaamkingitus_Loko-768x768.jpg 768w, https:\/\/loko.ee\/wp-content\/uploads\/2022\/08\/LotusTimber_reklaamkingitus_Loko-1536x1536.jpg 1536w, https:\/\/loko.ee\/wp-content\/uploads\/2022\/08\/LotusTimber_reklaamkingitus_Loko-2048x2048.jpg 2048w, https:\/\/loko.ee\/wp-content\/uploads\/2022\/08\/LotusTimber_reklaamkingitus_Loko-12x12.jpg 12w, https:\/\/loko.ee\/wp-content\/uploads\/2022\/08\/LotusTimber_reklaamkingitus_Loko-360x360.jpg 360w, https:\/\/loko.ee\/wp-content\/uploads\/2022\/08\/LotusTimber_reklaamkingitus_Loko-600x600.jpg 600w, https:\/\/loko.ee\/wp-content\/uploads\/2022\/08\/LotusTimber_reklaamkingitus_Loko-100x100.jpg 100w\" sizes=\"auto, (max-width: 1024px) 100vw, 1024px\" \/><\/figure>\n\n\n\n<figure class=\"wp-block-image size-large is-style-default\"><img loading=\"lazy\" decoding=\"async\" width=\"2560\" height=\"2560\" data-id=\"2100\" src=\"https:\/\/loko.ee\/wp-content\/uploads\/2022\/08\/Utilitas_a\u0308rikingitus_Loko-scaled.jpg\" alt=\"Utilitas reklaamkingitus Loko\" class=\"wp-image-2100\" srcset=\"https:\/\/loko.ee\/wp-content\/uploads\/2022\/08\/Utilitas_a\u0308rikingitus_Loko-scaled.jpg 2560w, https:\/\/loko.ee\/wp-content\/uploads\/2022\/08\/Utilitas_a\u0308rikingitus_Loko-300x300.jpg 300w, https:\/\/loko.ee\/wp-content\/uploads\/2022\/08\/Utilitas_a\u0308rikingitus_Loko-1024x1024.jpg 1024w, https:\/\/loko.ee\/wp-content\/uploads\/2022\/08\/Utilitas_a\u0308rikingitus_Loko-150x150.jpg 150w, https:\/\/loko.ee\/wp-content\/uploads\/2022\/08\/Utilitas_a\u0308rikingitus_Loko-768x768.jpg 768w, https:\/\/loko.ee\/wp-content\/uploads\/2022\/08\/Utilitas_a\u0308rikingitus_Loko-1536x1536.jpg 1536w, https:\/\/loko.ee\/wp-content\/uploads\/2022\/08\/Utilitas_a\u0308rikingitus_Loko-2048x2048.jpg 2048w, https:\/\/loko.ee\/wp-content\/uploads\/2022\/08\/Utilitas_a\u0308rikingitus_Loko-12x12.jpg 12w, https:\/\/loko.ee\/wp-content\/uploads\/2022\/08\/Utilitas_a\u0308rikingitus_Loko-360x360.jpg 360w, https:\/\/loko.ee\/wp-content\/uploads\/2022\/08\/Utilitas_a\u0308rikingitus_Loko-600x600.jpg 600w, https:\/\/loko.ee\/wp-content\/uploads\/2022\/08\/Utilitas_a\u0308rikingitus_Loko-100x100.jpg 100w\" sizes=\"auto, (max-width: 2560px) 100vw, 2560px\" \/><\/figure>\n\n\n\n<figure class=\"wp-block-image size-large is-style-default\"><img loading=\"lazy\" decoding=\"async\" width=\"912\" height=\"1024\" data-id=\"4290\" src=\"https:\/\/loko.ee\/wp-content\/uploads\/2026\/02\/IMG_9893-912x1024.jpeg\" alt=\"\" class=\"wp-image-4290\" srcset=\"https:\/\/loko.ee\/wp-content\/uploads\/2026\/02\/IMG_9893-912x1024.jpeg 912w, https:\/\/loko.ee\/wp-content\/uploads\/2026\/02\/IMG_9893-267x300.jpeg 267w, https:\/\/loko.ee\/wp-content\/uploads\/2026\/02\/IMG_9893-768x863.jpeg 768w, https:\/\/loko.ee\/wp-content\/uploads\/2026\/02\/IMG_9893-1367x1536.jpeg 1367w, https:\/\/loko.ee\/wp-content\/uploads\/2026\/02\/IMG_9893-11x12.jpeg 11w, https:\/\/loko.ee\/wp-content\/uploads\/2026\/02\/IMG_9893-600x674.jpeg 600w, https:\/\/loko.ee\/wp-content\/uploads\/2026\/02\/IMG_9893.jpeg 1500w\" sizes=\"auto, (max-width: 912px) 100vw, 912px\" \/><\/figure>\n\n\n\n<figure class=\"wp-block-image size-large is-style-default\"><img loading=\"lazy\" decoding=\"async\" width=\"2560\" height=\"2560\" data-id=\"2105\" src=\"https:\/\/loko.ee\/wp-content\/uploads\/2022\/08\/FilterPlus_a\u0308rikingitus_Loko-scaled.jpg\" alt=\"Filter Plus saunalinad logoga \u00e4rikingitus Loko\" class=\"wp-image-2105\" srcset=\"https:\/\/loko.ee\/wp-content\/uploads\/2022\/08\/FilterPlus_a\u0308rikingitus_Loko-scaled.jpg 2560w, https:\/\/loko.ee\/wp-content\/uploads\/2022\/08\/FilterPlus_a\u0308rikingitus_Loko-300x300.jpg 300w, https:\/\/loko.ee\/wp-content\/uploads\/2022\/08\/FilterPlus_a\u0308rikingitus_Loko-1024x1024.jpg 1024w, https:\/\/loko.ee\/wp-content\/uploads\/2022\/08\/FilterPlus_a\u0308rikingitus_Loko-150x150.jpg 150w, https:\/\/loko.ee\/wp-content\/uploads\/2022\/08\/FilterPlus_a\u0308rikingitus_Loko-768x768.jpg 768w, https:\/\/loko.ee\/wp-content\/uploads\/2022\/08\/FilterPlus_a\u0308rikingitus_Loko-1536x1536.jpg 1536w, https:\/\/loko.ee\/wp-content\/uploads\/2022\/08\/FilterPlus_a\u0308rikingitus_Loko-2048x2048.jpg 2048w, https:\/\/loko.ee\/wp-content\/uploads\/2022\/08\/FilterPlus_a\u0308rikingitus_Loko-12x12.jpg 12w, https:\/\/loko.ee\/wp-content\/uploads\/2022\/08\/FilterPlus_a\u0308rikingitus_Loko-360x360.jpg 360w, https:\/\/loko.ee\/wp-content\/uploads\/2022\/08\/FilterPlus_a\u0308rikingitus_Loko-600x600.jpg 600w, https:\/\/loko.ee\/wp-content\/uploads\/2022\/08\/FilterPlus_a\u0308rikingitus_Loko-100x100.jpg 100w\" sizes=\"auto, (max-width: 2560px) 100vw, 2560px\" \/><\/figure>\n\n\n\n<figure class=\"wp-block-image size-large\"><img loading=\"lazy\" decoding=\"async\" width=\"1024\" height=\"874\" data-id=\"3629\" src=\"https:\/\/loko.ee\/wp-content\/uploads\/2025\/03\/IMG_634711-1-1024x874.jpg\" alt=\"Ettev\u00f5tte logoga kingitus Loko\" class=\"wp-image-3629\" srcset=\"https:\/\/loko.ee\/wp-content\/uploads\/2025\/03\/IMG_634711-1-1024x874.jpg 1024w, https:\/\/loko.ee\/wp-content\/uploads\/2025\/03\/IMG_634711-1-300x256.jpg 300w, https:\/\/loko.ee\/wp-content\/uploads\/2025\/03\/IMG_634711-1-768x656.jpg 768w, https:\/\/loko.ee\/wp-content\/uploads\/2025\/03\/IMG_634711-1-1536x1311.jpg 1536w, https:\/\/loko.ee\/wp-content\/uploads\/2025\/03\/IMG_634711-1-2048x1748.jpg 2048w, https:\/\/loko.ee\/wp-content\/uploads\/2025\/03\/IMG_634711-1-14x12.jpg 14w, https:\/\/loko.ee\/wp-content\/uploads\/2025\/03\/IMG_634711-1-600x512.jpg 600w\" sizes=\"auto, (max-width: 1024px) 100vw, 1024px\" \/><\/figure>\n\n\n\n<figure class=\"wp-block-image size-large\"><img loading=\"lazy\" decoding=\"async\" width=\"1022\" height=\"1024\" data-id=\"3633\" src=\"https:\/\/loko.ee\/wp-content\/uploads\/2025\/03\/Pitsu_Utilitas_Loko-1022x1024.jpg\" alt=\"Firma logoga puidust pink Loko.ee\" class=\"wp-image-3633\" srcset=\"https:\/\/loko.ee\/wp-content\/uploads\/2025\/03\/Pitsu_Utilitas_Loko-1022x1024.jpg 1022w, https:\/\/loko.ee\/wp-content\/uploads\/2025\/03\/Pitsu_Utilitas_Loko-300x300.jpg 300w, https:\/\/loko.ee\/wp-content\/uploads\/2025\/03\/Pitsu_Utilitas_Loko-150x150.jpg 150w, https:\/\/loko.ee\/wp-content\/uploads\/2025\/03\/Pitsu_Utilitas_Loko-768x769.jpg 768w, https:\/\/loko.ee\/wp-content\/uploads\/2025\/03\/Pitsu_Utilitas_Loko-1533x1536.jpg 1533w, https:\/\/loko.ee\/wp-content\/uploads\/2025\/03\/Pitsu_Utilitas_Loko-2044x2048.jpg 2044w, https:\/\/loko.ee\/wp-content\/uploads\/2025\/03\/Pitsu_Utilitas_Loko-12x12.jpg 12w, https:\/\/loko.ee\/wp-content\/uploads\/2025\/03\/Pitsu_Utilitas_Loko-360x360.jpg 360w, https:\/\/loko.ee\/wp-content\/uploads\/2025\/03\/Pitsu_Utilitas_Loko-600x601.jpg 600w, https:\/\/loko.ee\/wp-content\/uploads\/2025\/03\/Pitsu_Utilitas_Loko-100x100.jpg 100w\" sizes=\"auto, (max-width: 1022px) 100vw, 1022px\" \/><\/figure>\n<\/figure>\n\n\n\n<p><\/p>","protected":false},"excerpt":{"rendered":"<p>Meie k\u00e4est on v\u00f5imalik eritellimusena ka oma ettev\u00f5tte logoga tooteid tellida. Logo saab eraldi etiketina peale lisada ja saunalinade puhul soovi korral ka kangasse sisse kududa. Hea idee kingituseks v\u00f5i meeneks, t\u00f6\u00f6tajatele v\u00f5i koost\u00f6\u00f6partneritele. Meie kaubavalikus on saunalinad, rannalinad, k\u00f6\u00f6gir\u00e4tikud, l\u00f5ikelauad ja palju muud toredat! Kui sul tekib m\u00f5ni k\u00fcsimus v\u00f5i idee, siis kirjuta meile [&hellip;]<\/p>\n","protected":false},"author":1,"featured_media":0,"parent":0,"menu_order":0,"comment_status":"closed","ping_status":"closed","template":"","meta":{"footnotes":""},"class_list":["post-2095","page","type-page","status-publish","hentry"],"yoast_head":"<!-- This site is optimized with the Yoast SEO plugin v27.2 - https:\/\/yoast.com\/product\/yoast-seo-wordpress\/ -->\n<title>Koost\u00f6\u00f6d - \u00c4rikingitused - Loko<\/title>\n<meta name=\"description\" content=\"Kui soovid kingitusteks tellida meie tooteid oma ettev\u00f5tte logoga, siis v\u00f5ta meiega \u00fchendust info@loko.ee.\" \/>\n<meta name=\"robots\" content=\"index, follow, max-snippet:-1, max-image-preview:large, max-video-preview:-1\" \/>\n<link rel=\"canonical\" href=\"https:\/\/www.loko.ee\/en\/koostooprojektid\/\" \/>\n<meta property=\"og:locale\" content=\"en_US\" \/>\n<meta property=\"og:type\" content=\"article\" \/>\n<meta property=\"og:title\" content=\"Koost\u00f6\u00f6d - \u00c4rikingitused - Loko\" \/>\n<meta property=\"og:description\" content=\"Kui soovid kingitusteks tellida meie tooteid oma ettev\u00f5tte logoga, siis v\u00f5ta meiega \u00fchendust info@loko.ee.\" \/>\n<meta property=\"og:url\" content=\"https:\/\/www.loko.ee\/en\/koostooprojektid\/\" \/>\n<meta property=\"article:modified_time\" content=\"2026-02-19T08:17:42+00:00\" \/>\n<meta property=\"og:image\" content=\"https:\/\/loko.ee\/wp-content\/uploads\/2025\/03\/Logo_naidis21-1-768x1024.jpg\" \/>\n<meta name=\"twitter:card\" content=\"summary_large_image\" \/>\n<meta name=\"twitter:label1\" content=\"Est. reading time\" \/>\n\t<meta name=\"twitter:data1\" content=\"2 minutes\" \/>\n<script type=\"application\/ld+json\" class=\"yoast-schema-graph\">{\"@context\":\"https:\/\/schema.org\",\"@graph\":[{\"@type\":\"WebPage\",\"@id\":\"https:\/\/www.loko.ee\/koostooprojektid\/\",\"url\":\"https:\/\/www.loko.ee\/koostooprojektid\/\",\"name\":\"Koost\u00f6\u00f6d - \u00c4rikingitused - Loko\",\"isPartOf\":{\"@id\":\"https:\/\/loko.ee\/#website\"},\"primaryImageOfPage\":{\"@id\":\"https:\/\/www.loko.ee\/koostooprojektid\/#primaryimage\"},\"image\":{\"@id\":\"https:\/\/www.loko.ee\/koostooprojektid\/#primaryimage\"},\"thumbnailUrl\":\"https:\/\/loko.ee\/wp-content\/uploads\/2025\/03\/Logo_naidis21-1-768x1024.jpg\",\"datePublished\":\"2022-08-17T08:09:02+00:00\",\"dateModified\":\"2026-02-19T08:17:42+00:00\",\"description\":\"Kui soovid kingitusteks tellida meie tooteid oma ettev\u00f5tte logoga, siis v\u00f5ta meiega \u00fchendust info@loko.ee.\",\"breadcrumb\":{\"@id\":\"https:\/\/www.loko.ee\/koostooprojektid\/#breadcrumb\"},\"inLanguage\":\"en-US\",\"potentialAction\":[{\"@type\":\"ReadAction\",\"target\":[\"https:\/\/www.loko.ee\/koostooprojektid\/\"]}]},{\"@type\":\"ImageObject\",\"inLanguage\":\"en-US\",\"@id\":\"https:\/\/www.loko.ee\/koostooprojektid\/#primaryimage\",\"url\":\"https:\/\/loko.ee\/wp-content\/uploads\/2025\/03\/Logo_naidis21-1-768x1024.jpg\",\"contentUrl\":\"https:\/\/loko.ee\/wp-content\/uploads\/2025\/03\/Logo_naidis21-1-768x1024.jpg\"},{\"@type\":\"BreadcrumbList\",\"@id\":\"https:\/\/www.loko.ee\/koostooprojektid\/#breadcrumb\",\"itemListElement\":[{\"@type\":\"ListItem\",\"position\":1,\"name\":\"Home\",\"item\":\"https:\/\/loko.ee\/en\/\"},{\"@type\":\"ListItem\",\"position\":2,\"name\":\"Koost\u00f6\u00f6d\"}]},{\"@type\":\"WebSite\",\"@id\":\"https:\/\/loko.ee\/#website\",\"url\":\"https:\/\/loko.ee\/\",\"name\":\"\",\"description\":\"Sisustustooted\",\"potentialAction\":[{\"@type\":\"SearchAction\",\"target\":{\"@type\":\"EntryPoint\",\"urlTemplate\":\"https:\/\/loko.ee\/?s={search_term_string}\"},\"query-input\":{\"@type\":\"PropertyValueSpecification\",\"valueRequired\":true,\"valueName\":\"search_term_string\"}}],\"inLanguage\":\"en-US\"}]}<\/script>\n<!-- \/ Yoast SEO plugin. -->","yoast_head_json":{"title":"Koost\u00f6\u00f6d - \u00c4rikingitused - Loko","description":"Kui soovid kingitusteks tellida meie tooteid oma ettev\u00f5tte logoga, siis v\u00f5ta meiega \u00fchendust info@loko.ee.","robots":{"index":"index","follow":"follow","max-snippet":"max-snippet:-1","max-image-preview":"max-image-preview:large","max-video-preview":"max-video-preview:-1"},"canonical":"https:\/\/www.loko.ee\/en\/koostooprojektid\/","og_locale":"en_US","og_type":"article","og_title":"Koost\u00f6\u00f6d - \u00c4rikingitused - Loko","og_description":"Kui soovid kingitusteks tellida meie tooteid oma ettev\u00f5tte logoga, siis v\u00f5ta meiega \u00fchendust info@loko.ee.","og_url":"https:\/\/www.loko.ee\/en\/koostooprojektid\/","article_modified_time":"2026-02-19T08:17:42+00:00","og_image":[{"url":"https:\/\/loko.ee\/wp-content\/uploads\/2025\/03\/Logo_naidis21-1-768x1024.jpg","type":"","width":"","height":""}],"twitter_card":"summary_large_image","twitter_misc":{"Est. reading time":"2 minutes"},"schema":{"@context":"https:\/\/schema.org","@graph":[{"@type":"WebPage","@id":"https:\/\/www.loko.ee\/koostooprojektid\/","url":"https:\/\/www.loko.ee\/koostooprojektid\/","name":"Koost\u00f6\u00f6d - \u00c4rikingitused - Loko","isPartOf":{"@id":"https:\/\/loko.ee\/#website"},"primaryImageOfPage":{"@id":"https:\/\/www.loko.ee\/koostooprojektid\/#primaryimage"},"image":{"@id":"https:\/\/www.loko.ee\/koostooprojektid\/#primaryimage"},"thumbnailUrl":"https:\/\/loko.ee\/wp-content\/uploads\/2025\/03\/Logo_naidis21-1-768x1024.jpg","datePublished":"2022-08-17T08:09:02+00:00","dateModified":"2026-02-19T08:17:42+00:00","description":"Kui soovid kingitusteks tellida meie tooteid oma ettev\u00f5tte logoga, siis v\u00f5ta meiega \u00fchendust info@loko.ee.","breadcrumb":{"@id":"https:\/\/www.loko.ee\/koostooprojektid\/#breadcrumb"},"inLanguage":"en-US","potentialAction":[{"@type":"ReadAction","target":["https:\/\/www.loko.ee\/koostooprojektid\/"]}]},{"@type":"ImageObject","inLanguage":"en-US","@id":"https:\/\/www.loko.ee\/koostooprojektid\/#primaryimage","url":"https:\/\/loko.ee\/wp-content\/uploads\/2025\/03\/Logo_naidis21-1-768x1024.jpg","contentUrl":"https:\/\/loko.ee\/wp-content\/uploads\/2025\/03\/Logo_naidis21-1-768x1024.jpg"},{"@type":"BreadcrumbList","@id":"https:\/\/www.loko.ee\/koostooprojektid\/#breadcrumb","itemListElement":[{"@type":"ListItem","position":1,"name":"Home","item":"https:\/\/loko.ee\/en\/"},{"@type":"ListItem","position":2,"name":"Koost\u00f6\u00f6d"}]},{"@type":"WebSite","@id":"https:\/\/loko.ee\/#website","url":"https:\/\/loko.ee\/","name":"","description":"Sisustustooted","potentialAction":[{"@type":"SearchAction","target":{"@type":"EntryPoint","urlTemplate":"https:\/\/loko.ee\/?s={search_term_string}"},"query-input":{"@type":"PropertyValueSpecification","valueRequired":true,"valueName":"search_term_string"}}],"inLanguage":"en-US"}]}},"_links":{"self":[{"href":"https:\/\/www.loko.ee\/en\/wp-json\/wp\/v2\/pages\/2095","targetHints":{"allow":["GET"]}}],"collection":[{"href":"https:\/\/www.loko.ee\/en\/wp-json\/wp\/v2\/pages"}],"about":[{"href":"https:\/\/www.loko.ee\/en\/wp-json\/wp\/v2\/types\/page"}],"author":[{"embeddable":true,"href":"https:\/\/www.loko.ee\/en\/wp-json\/wp\/v2\/users\/1"}],"replies":[{"embeddable":true,"href":"https:\/\/www.loko.ee\/en\/wp-json\/wp\/v2\/comments?post=2095"}],"version-history":[{"count":5,"href":"https:\/\/www.loko.ee\/en\/wp-json\/wp\/v2\/pages\/2095\/revisions"}],"predecessor-version":[{"id":4295,"href":"https:\/\/www.loko.ee\/en\/wp-json\/wp\/v2\/pages\/2095\/revisions\/4295"}],"wp:attachment":[{"href":"https:\/\/www.loko.ee\/en\/wp-json\/wp\/v2\/media?parent=2095"}],"curies":[{"name":"wp","href":"https:\/\/api.w.org\/{rel}","templated":true}]}}