{"id":1228,"date":"2021-04-19T21:31:54","date_gmt":"2021-04-19T19:31:54","guid":{"rendered":"https:\/\/loko.ee\/?post_type=product&#038;p=1228"},"modified":"2026-02-08T19:20:33","modified_gmt":"2026-02-08T17:20:33","slug":"saunalina-karbsemustriga","status":"publish","type":"product","link":"https:\/\/www.loko.ee\/en\/product\/saunalina-karbsemustriga\/","title":{"rendered":"Bath towel Hiiumaa Hanikatsi"},"content":{"rendered":"","protected":false},"excerpt":{"rendered":"<p>Ilus ja pehme froteest saunalina. Kasuta nii vannis, trennis, saunas kui rannas k\u00e4ies. Saunalina kaunistab Hiiumaa Hanikatsi kindakirja k\u00e4rbsemuster. M\u00f5nusalt suur ja piisavalt lai, et keerduda iga keha \u00fcmber.<\/p>\n<p>Suurus: 81 x 160 cm<br \/>\nKoostis: 83% puuvill, 17% lina<br \/>\nR\u00e4tikut on lihtne hooldada &#8211;\u00a0 v\u00f5ib pesta pesumasinas 40 kraadi juures.<\/p>","protected":false},"featured_media":1229,"template":"","meta":[],"product_brand":[],"product_cat":[22,36],"product_tag":[],"woo-feed-brand":[],"class_list":{"0":"post-1228","1":"product","2":"type-product","3":"status-publish","4":"has-post-thumbnail","6":"product_cat-koik-tooted","7":"product_cat-saunalinad","9":"first","10":"instock","11":"taxable","12":"shipping-taxable","13":"purchasable","14":"product-type-simple"},"yoast_head":"<!-- This site is optimized with the Yoast SEO plugin v27.2 - https:\/\/yoast.com\/product\/yoast-seo-wordpress\/ -->\n<title>Saunalina Hiiumaa k\u00e4rbsekiri - Rannalina - Vannilina - Loko<\/title>\n<meta name=\"description\" content=\"Saunalina kaunistab Hiiumaa Hanikatsi kindakirja k\u00e4rbsemuster.\u00a0M\u00f5nusalt suur ja piisavalt lai, et keerduda iga keha \u00fcmber.\" \/>\n<meta name=\"robots\" content=\"index, follow, max-snippet:-1, max-image-preview:large, max-video-preview:-1\" \/>\n<link rel=\"canonical\" href=\"https:\/\/loko.ee\/toode\/saunalina-karbsemustriga\/\" \/>\n<meta property=\"og:locale\" content=\"en_US\" \/>\n<meta property=\"og:type\" content=\"article\" \/>\n<meta property=\"og:title\" content=\"Saunalina Hiiumaa k\u00e4rbsekiri - Rannalina - Vannilina - Loko\" \/>\n<meta property=\"og:description\" content=\"Saunalina kaunistab Hiiumaa Hanikatsi kindakirja k\u00e4rbsemuster.\u00a0M\u00f5nusalt suur ja piisavalt lai, et keerduda iga keha \u00fcmber.\" \/>\n<meta property=\"og:url\" content=\"https:\/\/loko.ee\/toode\/saunalina-karbsemustriga\/\" \/>\n<meta property=\"article:modified_time\" content=\"2026-02-08T17:20:33+00:00\" \/>\n<meta property=\"og:image\" content=\"https:\/\/loko.ee\/wp-content\/uploads\/2021\/04\/Saunalina_ka\u0308rbsemustriga_Loko.jpg\" \/>\n\t<meta property=\"og:image:width\" content=\"1600\" \/>\n\t<meta property=\"og:image:height\" content=\"1600\" \/>\n\t<meta property=\"og:image:type\" content=\"image\/jpeg\" \/>\n<meta name=\"twitter:card\" content=\"summary_large_image\" \/>\n<script type=\"application\/ld+json\" class=\"yoast-schema-graph\">{\"@context\":\"https:\/\/schema.org\",\"@graph\":[{\"@type\":\"WebPage\",\"@id\":\"https:\/\/loko.ee\/toode\/saunalina-karbsemustriga\/\",\"url\":\"https:\/\/loko.ee\/toode\/saunalina-karbsemustriga\/\",\"name\":\"Saunalina Hiiumaa k\u00e4rbsekiri - Rannalina - Vannilina - Loko\",\"isPartOf\":{\"@id\":\"https:\/\/loko.ee\/#website\"},\"primaryImageOfPage\":{\"@id\":\"https:\/\/loko.ee\/toode\/saunalina-karbsemustriga\/#primaryimage\"},\"image\":{\"@id\":\"https:\/\/loko.ee\/toode\/saunalina-karbsemustriga\/#primaryimage\"},\"thumbnailUrl\":\"https:\/\/loko.ee\/wp-content\/uploads\/2021\/04\/Saunalina_ka\u0308rbsemustriga_Loko.jpg\",\"datePublished\":\"2021-04-19T19:31:54+00:00\",\"dateModified\":\"2026-02-08T17:20:33+00:00\",\"description\":\"Saunalina kaunistab Hiiumaa Hanikatsi kindakirja k\u00e4rbsemuster.\u00a0M\u00f5nusalt suur ja piisavalt lai, et keerduda iga keha \u00fcmber.\",\"breadcrumb\":{\"@id\":\"https:\/\/loko.ee\/toode\/saunalina-karbsemustriga\/#breadcrumb\"},\"inLanguage\":\"en-US\",\"potentialAction\":[{\"@type\":\"ReadAction\",\"target\":[\"https:\/\/loko.ee\/toode\/saunalina-karbsemustriga\/\"]}]},{\"@type\":\"ImageObject\",\"inLanguage\":\"en-US\",\"@id\":\"https:\/\/loko.ee\/toode\/saunalina-karbsemustriga\/#primaryimage\",\"url\":\"https:\/\/loko.ee\/wp-content\/uploads\/2021\/04\/Saunalina_ka\u0308rbsemustriga_Loko.jpg\",\"contentUrl\":\"https:\/\/loko.ee\/wp-content\/uploads\/2021\/04\/Saunalina_ka\u0308rbsemustriga_Loko.jpg\",\"width\":1600,\"height\":1600,\"caption\":\"Saunalina k\u00e4rbsemustriga Loko\"},{\"@type\":\"BreadcrumbList\",\"@id\":\"https:\/\/loko.ee\/toode\/saunalina-karbsemustriga\/#breadcrumb\",\"itemListElement\":[{\"@type\":\"ListItem\",\"position\":1,\"name\":\"Home\",\"item\":\"https:\/\/loko.ee\/\"},{\"@type\":\"ListItem\",\"position\":2,\"name\":\"E-pood\",\"item\":\"https:\/\/www.loko.ee\/en\/e-pood\/\"},{\"@type\":\"ListItem\",\"position\":3,\"name\":\"Saunalina Hiiumaa k\u00e4rbsekiri\"}]},{\"@type\":\"WebSite\",\"@id\":\"https:\/\/loko.ee\/#website\",\"url\":\"https:\/\/loko.ee\/\",\"name\":\"\",\"description\":\"Sisustustooted\",\"potentialAction\":[{\"@type\":\"SearchAction\",\"target\":{\"@type\":\"EntryPoint\",\"urlTemplate\":\"https:\/\/loko.ee\/?s={search_term_string}\"},\"query-input\":{\"@type\":\"PropertyValueSpecification\",\"valueRequired\":true,\"valueName\":\"search_term_string\"}}],\"inLanguage\":\"en-US\"}]}<\/script>\n<!-- \/ Yoast SEO plugin. -->","yoast_head_json":{"title":"Saunalina Hiiumaa k\u00e4rbsekiri - Rannalina - Vannilina - Loko","description":"Saunalina kaunistab Hiiumaa Hanikatsi kindakirja k\u00e4rbsemuster.\u00a0M\u00f5nusalt suur ja piisavalt lai, et keerduda iga keha \u00fcmber.","robots":{"index":"index","follow":"follow","max-snippet":"max-snippet:-1","max-image-preview":"max-image-preview:large","max-video-preview":"max-video-preview:-1"},"canonical":"https:\/\/loko.ee\/toode\/saunalina-karbsemustriga\/","og_locale":"en_US","og_type":"article","og_title":"Saunalina Hiiumaa k\u00e4rbsekiri - Rannalina - Vannilina - Loko","og_description":"Saunalina kaunistab Hiiumaa Hanikatsi kindakirja k\u00e4rbsemuster.\u00a0M\u00f5nusalt suur ja piisavalt lai, et keerduda iga keha \u00fcmber.","og_url":"https:\/\/loko.ee\/toode\/saunalina-karbsemustriga\/","article_modified_time":"2026-02-08T17:20:33+00:00","og_image":[{"width":1600,"height":1600,"url":"https:\/\/loko.ee\/wp-content\/uploads\/2021\/04\/Saunalina_ka\u0308rbsemustriga_Loko.jpg","type":"image\/jpeg"}],"twitter_card":"summary_large_image","schema":{"@context":"https:\/\/schema.org","@graph":[{"@type":"WebPage","@id":"https:\/\/loko.ee\/toode\/saunalina-karbsemustriga\/","url":"https:\/\/loko.ee\/toode\/saunalina-karbsemustriga\/","name":"Saunalina Hiiumaa k\u00e4rbsekiri - Rannalina - Vannilina - Loko","isPartOf":{"@id":"https:\/\/loko.ee\/#website"},"primaryImageOfPage":{"@id":"https:\/\/loko.ee\/toode\/saunalina-karbsemustriga\/#primaryimage"},"image":{"@id":"https:\/\/loko.ee\/toode\/saunalina-karbsemustriga\/#primaryimage"},"thumbnailUrl":"https:\/\/loko.ee\/wp-content\/uploads\/2021\/04\/Saunalina_ka\u0308rbsemustriga_Loko.jpg","datePublished":"2021-04-19T19:31:54+00:00","dateModified":"2026-02-08T17:20:33+00:00","description":"Saunalina kaunistab Hiiumaa Hanikatsi kindakirja k\u00e4rbsemuster.\u00a0M\u00f5nusalt suur ja piisavalt lai, et keerduda iga keha \u00fcmber.","breadcrumb":{"@id":"https:\/\/loko.ee\/toode\/saunalina-karbsemustriga\/#breadcrumb"},"inLanguage":"en-US","potentialAction":[{"@type":"ReadAction","target":["https:\/\/loko.ee\/toode\/saunalina-karbsemustriga\/"]}]},{"@type":"ImageObject","inLanguage":"en-US","@id":"https:\/\/loko.ee\/toode\/saunalina-karbsemustriga\/#primaryimage","url":"https:\/\/loko.ee\/wp-content\/uploads\/2021\/04\/Saunalina_ka\u0308rbsemustriga_Loko.jpg","contentUrl":"https:\/\/loko.ee\/wp-content\/uploads\/2021\/04\/Saunalina_ka\u0308rbsemustriga_Loko.jpg","width":1600,"height":1600,"caption":"Saunalina k\u00e4rbsemustriga Loko"},{"@type":"BreadcrumbList","@id":"https:\/\/loko.ee\/toode\/saunalina-karbsemustriga\/#breadcrumb","itemListElement":[{"@type":"ListItem","position":1,"name":"Home","item":"https:\/\/loko.ee\/"},{"@type":"ListItem","position":2,"name":"E-pood","item":"https:\/\/www.loko.ee\/en\/e-pood\/"},{"@type":"ListItem","position":3,"name":"Saunalina Hiiumaa k\u00e4rbsekiri"}]},{"@type":"WebSite","@id":"https:\/\/loko.ee\/#website","url":"https:\/\/loko.ee\/","name":"","description":"Sisustustooted","potentialAction":[{"@type":"SearchAction","target":{"@type":"EntryPoint","urlTemplate":"https:\/\/loko.ee\/?s={search_term_string}"},"query-input":{"@type":"PropertyValueSpecification","valueRequired":true,"valueName":"search_term_string"}}],"inLanguage":"en-US"}]}},"_links":{"self":[{"href":"https:\/\/www.loko.ee\/en\/wp-json\/wp\/v2\/product\/1228","targetHints":{"allow":["GET"]}}],"collection":[{"href":"https:\/\/www.loko.ee\/en\/wp-json\/wp\/v2\/product"}],"about":[{"href":"https:\/\/www.loko.ee\/en\/wp-json\/wp\/v2\/types\/product"}],"wp:featuredmedia":[{"embeddable":true,"href":"https:\/\/www.loko.ee\/en\/wp-json\/wp\/v2\/media\/1229"}],"wp:attachment":[{"href":"https:\/\/www.loko.ee\/en\/wp-json\/wp\/v2\/media?parent=1228"}],"wp:term":[{"taxonomy":"product_brand","embeddable":true,"href":"https:\/\/www.loko.ee\/en\/wp-json\/wp\/v2\/product_brand?post=1228"},{"taxonomy":"product_cat","embeddable":true,"href":"https:\/\/www.loko.ee\/en\/wp-json\/wp\/v2\/product_cat?post=1228"},{"taxonomy":"product_tag","embeddable":true,"href":"https:\/\/www.loko.ee\/en\/wp-json\/wp\/v2\/product_tag?post=1228"},{"taxonomy":"woo-feed-brand","embeddable":true,"href":"https:\/\/www.loko.ee\/en\/wp-json\/wp\/v2\/woo-feed-brand?post=1228"}],"curies":[{"name":"wp","href":"https:\/\/api.w.org\/{rel}","templated":true}]}}