{"id":2538,"date":"2023-08-06T20:21:39","date_gmt":"2023-08-06T18:21:39","guid":{"rendered":"https:\/\/loko.ee\/?post_type=product&#038;p=2538"},"modified":"2025-09-18T20:18:27","modified_gmt":"2025-09-18T18:18:27","slug":"pleed-hiiumaa-hanikatsi-140x200-pruun","status":"publish","type":"product","link":"https:\/\/www.loko.ee\/en\/product\/pleed-hiiumaa-hanikatsi-140x200-pruun\/","title":{"rendered":"Pleed Hiiumaa k\u00e4rbsekiri 140\u00d7200"},"content":{"rendered":"","protected":false},"excerpt":{"rendered":"<p>Puuvillatekk ehk paljudele tuntud kui ka baikatekk on 100% puuvillast ning katsudes m\u00f5nus ja pehme. Tekk on kaunistatud Hiiumaa Hanikatsi k\u00e4rbsekirja mustriga.<br \/>\nSobib kasutada nii teki, pleedi kui voodikattena. Hea kingiidee!<\/p>\n<p>Koostis 100% puuvill.<br \/>\nSuurus 140 x 200 cm.<\/p>\n<p>V\u00f5ib pesta pesumasinas 40 kraadi juures.<\/p>","protected":false},"featured_media":2602,"template":"","meta":[],"product_brand":[],"product_cat":[22,18],"product_tag":[],"woo-feed-brand":[],"class_list":{"0":"post-2538","1":"product","2":"type-product","3":"status-publish","4":"has-post-thumbnail","6":"product_cat-koik-tooted","7":"product_cat-pleedid","9":"first","10":"instock","11":"taxable","12":"shipping-taxable","13":"purchasable","14":"product-type-simple"},"yoast_head":"<!-- This site is optimized with the Yoast SEO plugin v27.2 - https:\/\/yoast.com\/product\/yoast-seo-wordpress\/ -->\n<title>Suur pleed - Pleed Hiiumaa k\u00e4rbsekiri 140\u00d7200 - Loko - 100% puuvill<\/title>\n<meta name=\"description\" content=\"Suur pleed, mis on Hiiumaa Hanikatsi k\u00e4rbsekirja ainetel kootud. M\u00f5nus ja pehme. Koostis 100% puuvill. Tore kingiidee s\u00fcnnip\u00e4evaks!\" \/>\n<meta name=\"robots\" content=\"index, follow, max-snippet:-1, max-image-preview:large, max-video-preview:-1\" \/>\n<link rel=\"canonical\" href=\"https:\/\/loko.ee\/en\/product\/pleed-hiiumaa-hanikatsi-140x200-pruun\/\" \/>\n<meta property=\"og:locale\" content=\"en_US\" \/>\n<meta property=\"og:type\" content=\"article\" \/>\n<meta property=\"og:title\" content=\"Suur pleed - Pleed Hiiumaa k\u00e4rbsekiri 140\u00d7200 - Loko - 100% puuvill\" \/>\n<meta property=\"og:description\" content=\"Suur pleed, mis on Hiiumaa Hanikatsi k\u00e4rbsekirja ainetel kootud. M\u00f5nus ja pehme. Koostis 100% puuvill. Tore kingiidee s\u00fcnnip\u00e4evaks!\" \/>\n<meta property=\"og:url\" content=\"https:\/\/loko.ee\/en\/product\/pleed-hiiumaa-hanikatsi-140x200-pruun\/\" \/>\n<meta property=\"article:modified_time\" content=\"2025-09-18T18:18:27+00:00\" \/>\n<meta property=\"og:image\" content=\"https:\/\/loko.ee\/wp-content\/uploads\/2023\/08\/Hiiumaa_Hanikatsi_karbsekiri_Pleed_baikatekk_Loko.jpg\" \/>\n\t<meta property=\"og:image:width\" content=\"1104\" \/>\n\t<meta property=\"og:image:height\" content=\"1104\" \/>\n\t<meta property=\"og:image:type\" content=\"image\/jpeg\" \/>\n<meta name=\"twitter:card\" content=\"summary_large_image\" \/>\n<script type=\"application\/ld+json\" class=\"yoast-schema-graph\">{\"@context\":\"https:\/\/schema.org\",\"@graph\":[{\"@type\":\"WebPage\",\"@id\":\"https:\/\/loko.ee\/en\/product\/pleed-hiiumaa-hanikatsi-140x200-pruun\/\",\"url\":\"https:\/\/loko.ee\/en\/product\/pleed-hiiumaa-hanikatsi-140x200-pruun\/\",\"name\":\"Suur pleed - Pleed Hiiumaa k\u00e4rbsekiri 140\u00d7200 - Loko - 100% puuvill\",\"isPartOf\":{\"@id\":\"https:\/\/www.loko.ee\/en\/#website\"},\"primaryImageOfPage\":{\"@id\":\"https:\/\/loko.ee\/en\/product\/pleed-hiiumaa-hanikatsi-140x200-pruun\/#primaryimage\"},\"image\":{\"@id\":\"https:\/\/loko.ee\/en\/product\/pleed-hiiumaa-hanikatsi-140x200-pruun\/#primaryimage\"},\"thumbnailUrl\":\"https:\/\/loko.ee\/wp-content\/uploads\/2023\/08\/Hiiumaa_Hanikatsi_karbsekiri_Pleed_baikatekk_Loko.jpg\",\"datePublished\":\"2023-08-06T18:21:39+00:00\",\"dateModified\":\"2025-09-18T18:18:27+00:00\",\"description\":\"Suur pleed, mis on Hiiumaa Hanikatsi k\u00e4rbsekirja ainetel kootud. M\u00f5nus ja pehme. Koostis 100% puuvill. Tore kingiidee s\u00fcnnip\u00e4evaks!\",\"breadcrumb\":{\"@id\":\"https:\/\/loko.ee\/en\/product\/pleed-hiiumaa-hanikatsi-140x200-pruun\/#breadcrumb\"},\"inLanguage\":\"en-US\",\"potentialAction\":[{\"@type\":\"ReadAction\",\"target\":[\"https:\/\/loko.ee\/en\/product\/pleed-hiiumaa-hanikatsi-140x200-pruun\/\"]}]},{\"@type\":\"ImageObject\",\"inLanguage\":\"en-US\",\"@id\":\"https:\/\/loko.ee\/en\/product\/pleed-hiiumaa-hanikatsi-140x200-pruun\/#primaryimage\",\"url\":\"https:\/\/loko.ee\/wp-content\/uploads\/2023\/08\/Hiiumaa_Hanikatsi_karbsekiri_Pleed_baikatekk_Loko.jpg\",\"contentUrl\":\"https:\/\/loko.ee\/wp-content\/uploads\/2023\/08\/Hiiumaa_Hanikatsi_karbsekiri_Pleed_baikatekk_Loko.jpg\",\"width\":1104,\"height\":1104,\"caption\":\"Hiiumaa Hanikatsi k\u00e4rbsekiri bleed baikatekk Loko\"},{\"@type\":\"BreadcrumbList\",\"@id\":\"https:\/\/loko.ee\/en\/product\/pleed-hiiumaa-hanikatsi-140x200-pruun\/#breadcrumb\",\"itemListElement\":[{\"@type\":\"ListItem\",\"position\":1,\"name\":\"Home\",\"item\":\"https:\/\/www.loko.ee\/en\/\"},{\"@type\":\"ListItem\",\"position\":2,\"name\":\"E-pood\",\"item\":\"https:\/\/www.loko.ee\/en\/e-pood\/\"},{\"@type\":\"ListItem\",\"position\":3,\"name\":\"Pleed Hiiumaa k\u00e4rbsekiri 140\u00d7200\"}]},{\"@type\":\"WebSite\",\"@id\":\"https:\/\/www.loko.ee\/en\/#website\",\"url\":\"https:\/\/www.loko.ee\/en\/\",\"name\":\"\",\"description\":\"Sisustustooted\",\"potentialAction\":[{\"@type\":\"SearchAction\",\"target\":{\"@type\":\"EntryPoint\",\"urlTemplate\":\"https:\/\/www.loko.ee\/en\/?s={search_term_string}\"},\"query-input\":{\"@type\":\"PropertyValueSpecification\",\"valueRequired\":true,\"valueName\":\"search_term_string\"}}],\"inLanguage\":\"en-US\"}]}<\/script>\n<!-- \/ Yoast SEO plugin. -->","yoast_head_json":{"title":"Suur pleed - Pleed Hiiumaa k\u00e4rbsekiri 140\u00d7200 - Loko - 100% puuvill","description":"Suur pleed, mis on Hiiumaa Hanikatsi k\u00e4rbsekirja ainetel kootud. M\u00f5nus ja pehme. Koostis 100% puuvill. Tore kingiidee s\u00fcnnip\u00e4evaks!","robots":{"index":"index","follow":"follow","max-snippet":"max-snippet:-1","max-image-preview":"max-image-preview:large","max-video-preview":"max-video-preview:-1"},"canonical":"https:\/\/loko.ee\/en\/product\/pleed-hiiumaa-hanikatsi-140x200-pruun\/","og_locale":"en_US","og_type":"article","og_title":"Suur pleed - Pleed Hiiumaa k\u00e4rbsekiri 140\u00d7200 - Loko - 100% puuvill","og_description":"Suur pleed, mis on Hiiumaa Hanikatsi k\u00e4rbsekirja ainetel kootud. M\u00f5nus ja pehme. Koostis 100% puuvill. Tore kingiidee s\u00fcnnip\u00e4evaks!","og_url":"https:\/\/loko.ee\/en\/product\/pleed-hiiumaa-hanikatsi-140x200-pruun\/","article_modified_time":"2025-09-18T18:18:27+00:00","og_image":[{"width":1104,"height":1104,"url":"https:\/\/loko.ee\/wp-content\/uploads\/2023\/08\/Hiiumaa_Hanikatsi_karbsekiri_Pleed_baikatekk_Loko.jpg","type":"image\/jpeg"}],"twitter_card":"summary_large_image","schema":{"@context":"https:\/\/schema.org","@graph":[{"@type":"WebPage","@id":"https:\/\/loko.ee\/en\/product\/pleed-hiiumaa-hanikatsi-140x200-pruun\/","url":"https:\/\/loko.ee\/en\/product\/pleed-hiiumaa-hanikatsi-140x200-pruun\/","name":"Suur pleed - Pleed Hiiumaa k\u00e4rbsekiri 140\u00d7200 - Loko - 100% puuvill","isPartOf":{"@id":"https:\/\/www.loko.ee\/en\/#website"},"primaryImageOfPage":{"@id":"https:\/\/loko.ee\/en\/product\/pleed-hiiumaa-hanikatsi-140x200-pruun\/#primaryimage"},"image":{"@id":"https:\/\/loko.ee\/en\/product\/pleed-hiiumaa-hanikatsi-140x200-pruun\/#primaryimage"},"thumbnailUrl":"https:\/\/loko.ee\/wp-content\/uploads\/2023\/08\/Hiiumaa_Hanikatsi_karbsekiri_Pleed_baikatekk_Loko.jpg","datePublished":"2023-08-06T18:21:39+00:00","dateModified":"2025-09-18T18:18:27+00:00","description":"Suur pleed, mis on Hiiumaa Hanikatsi k\u00e4rbsekirja ainetel kootud. M\u00f5nus ja pehme. Koostis 100% puuvill. Tore kingiidee s\u00fcnnip\u00e4evaks!","breadcrumb":{"@id":"https:\/\/loko.ee\/en\/product\/pleed-hiiumaa-hanikatsi-140x200-pruun\/#breadcrumb"},"inLanguage":"en-US","potentialAction":[{"@type":"ReadAction","target":["https:\/\/loko.ee\/en\/product\/pleed-hiiumaa-hanikatsi-140x200-pruun\/"]}]},{"@type":"ImageObject","inLanguage":"en-US","@id":"https:\/\/loko.ee\/en\/product\/pleed-hiiumaa-hanikatsi-140x200-pruun\/#primaryimage","url":"https:\/\/loko.ee\/wp-content\/uploads\/2023\/08\/Hiiumaa_Hanikatsi_karbsekiri_Pleed_baikatekk_Loko.jpg","contentUrl":"https:\/\/loko.ee\/wp-content\/uploads\/2023\/08\/Hiiumaa_Hanikatsi_karbsekiri_Pleed_baikatekk_Loko.jpg","width":1104,"height":1104,"caption":"Hiiumaa Hanikatsi k\u00e4rbsekiri bleed baikatekk Loko"},{"@type":"BreadcrumbList","@id":"https:\/\/loko.ee\/en\/product\/pleed-hiiumaa-hanikatsi-140x200-pruun\/#breadcrumb","itemListElement":[{"@type":"ListItem","position":1,"name":"Home","item":"https:\/\/www.loko.ee\/en\/"},{"@type":"ListItem","position":2,"name":"E-pood","item":"https:\/\/www.loko.ee\/en\/e-pood\/"},{"@type":"ListItem","position":3,"name":"Pleed Hiiumaa k\u00e4rbsekiri 140\u00d7200"}]},{"@type":"WebSite","@id":"https:\/\/www.loko.ee\/en\/#website","url":"https:\/\/www.loko.ee\/en\/","name":"","description":"Sisustustooted","potentialAction":[{"@type":"SearchAction","target":{"@type":"EntryPoint","urlTemplate":"https:\/\/www.loko.ee\/en\/?s={search_term_string}"},"query-input":{"@type":"PropertyValueSpecification","valueRequired":true,"valueName":"search_term_string"}}],"inLanguage":"en-US"}]}},"_links":{"self":[{"href":"https:\/\/www.loko.ee\/en\/wp-json\/wp\/v2\/product\/2538","targetHints":{"allow":["GET"]}}],"collection":[{"href":"https:\/\/www.loko.ee\/en\/wp-json\/wp\/v2\/product"}],"about":[{"href":"https:\/\/www.loko.ee\/en\/wp-json\/wp\/v2\/types\/product"}],"wp:featuredmedia":[{"embeddable":true,"href":"https:\/\/www.loko.ee\/en\/wp-json\/wp\/v2\/media\/2602"}],"wp:attachment":[{"href":"https:\/\/www.loko.ee\/en\/wp-json\/wp\/v2\/media?parent=2538"}],"wp:term":[{"taxonomy":"product_brand","embeddable":true,"href":"https:\/\/www.loko.ee\/en\/wp-json\/wp\/v2\/product_brand?post=2538"},{"taxonomy":"product_cat","embeddable":true,"href":"https:\/\/www.loko.ee\/en\/wp-json\/wp\/v2\/product_cat?post=2538"},{"taxonomy":"product_tag","embeddable":true,"href":"https:\/\/www.loko.ee\/en\/wp-json\/wp\/v2\/product_tag?post=2538"},{"taxonomy":"woo-feed-brand","embeddable":true,"href":"https:\/\/www.loko.ee\/en\/wp-json\/wp\/v2\/woo-feed-brand?post=2538"}],"curies":[{"name":"wp","href":"https:\/\/api.w.org\/{rel}","templated":true}]}}