{"id":3011,"date":"2024-05-27T10:52:31","date_gmt":"2024-05-27T08:52:31","guid":{"rendered":"https:\/\/loko.ee\/?post_type=product&#038;p=3011"},"modified":"2026-05-02T14:24:25","modified_gmt":"2026-05-02T12:24:25","slug":"kaltsuvaip-triibuline","status":"publish","type":"product","link":"https:\/\/www.loko.ee\/en\/product\/kaltsuvaip-triibuline\/","title":{"rendered":"Kaltsuvaip 84&#215;185 cm"},"content":{"rendered":"","protected":false},"excerpt":{"rendered":"<p data-start=\"41\" data-end=\"242\">K\u00e4sit\u00f6\u00f6na kangastelgedel kootud kaltsuvaip, valminud trikotaa\u017eiribadest. Vaiba muster on inspireeritud Hiiumaa P\u00fchalepa seelikutriipudest, kandes endas killukest meie saare rikkalikust p\u00e4randist.<\/p>\n<p data-start=\"244\" data-end=\"315\" data-is-last-node=\"\" data-is-only-node=\"\">Iga vaip on kordumatu \u2013 t\u00e4pselt samasugust ei leia kelleltki teiselt.<\/p>\n<p>M\u00f5\u00f5dud: Laius 84 cm ja pikkus 185 cm.<\/p>\n<p>Vaipa v\u00f5ib pesta 30 kraadi juures.<br \/>\nSoovitame kuivatada laotatult tasasel pinnal. Vaip v\u00f5ib pesus pisut kokku t\u00f5mmata.<\/p>","protected":false},"featured_media":4403,"template":"","meta":[],"product_brand":[],"product_cat":[45,22],"product_tag":[],"woo-feed-brand":[],"class_list":{"0":"post-3011","1":"product","2":"type-product","3":"status-publish","4":"has-post-thumbnail","6":"product_cat-kaltsuvaibad","7":"product_cat-koik-tooted","9":"first","10":"instock","11":"taxable","12":"shipping-taxable","13":"purchasable","14":"product-type-simple"},"yoast_head":"<!-- This site is optimized with the Yoast SEO plugin v27.4 - https:\/\/yoast.com\/product\/yoast-seo-wordpress\/ -->\n<title>Kaltsuvaip 84x185 cm - Hiiumaa k\u00e4sit\u00f6\u00f6 - Uus p\u00f5randavaip - Loko<\/title>\n<meta name=\"description\" content=\"K\u00e4sit\u00f6\u00f6na kangastelgedel kootud kaltsuvaip, valminud trikotaa\u017eiribadest. Vaiba muster on inspireeritud Hiiumaa P\u00fchalepa seelikutriipudest.\" \/>\n<meta name=\"robots\" content=\"index, follow, max-snippet:-1, max-image-preview:large, max-video-preview:-1\" \/>\n<link rel=\"canonical\" href=\"https:\/\/loko.ee\/toode\/kaltsuvaip-triibuline\/\" \/>\n<meta property=\"og:locale\" content=\"en_US\" \/>\n<meta property=\"og:type\" content=\"article\" \/>\n<meta property=\"og:title\" content=\"Kaltsuvaip 84x185 cm - Hiiumaa k\u00e4sit\u00f6\u00f6 - Uus p\u00f5randavaip - Loko\" \/>\n<meta property=\"og:description\" content=\"K\u00e4sit\u00f6\u00f6na kangastelgedel kootud kaltsuvaip, valminud trikotaa\u017eiribadest. Vaiba muster on inspireeritud Hiiumaa P\u00fchalepa seelikutriipudest.\" \/>\n<meta property=\"og:url\" content=\"https:\/\/loko.ee\/toode\/kaltsuvaip-triibuline\/\" \/>\n<meta property=\"article:modified_time\" content=\"2026-05-02T12:24:25+00:00\" \/>\n<meta property=\"og:image\" content=\"https:\/\/loko.ee\/wp-content\/uploads\/2024\/05\/Kaltsuvaip_puhalepa_triibuga_Loko-scaled.jpg\" \/>\n\t<meta property=\"og:image:width\" content=\"2560\" \/>\n\t<meta property=\"og:image:height\" content=\"2560\" \/>\n\t<meta property=\"og:image:type\" content=\"image\/jpeg\" \/>\n<meta name=\"twitter:card\" content=\"summary_large_image\" \/>\n<meta name=\"twitter:label1\" content=\"Est. reading time\" \/>\n\t<meta name=\"twitter:data1\" content=\"1 minute\" \/>\n<script type=\"application\/ld+json\" class=\"yoast-schema-graph\">{\"@context\":\"https:\\\/\\\/schema.org\",\"@graph\":[{\"@type\":\"WebPage\",\"@id\":\"https:\\\/\\\/loko.ee\\\/toode\\\/kaltsuvaip-triibuline\\\/\",\"url\":\"https:\\\/\\\/loko.ee\\\/toode\\\/kaltsuvaip-triibuline\\\/\",\"name\":\"Kaltsuvaip 84x185 cm - Hiiumaa k\u00e4sit\u00f6\u00f6 - Uus p\u00f5randavaip - Loko\",\"isPartOf\":{\"@id\":\"https:\\\/\\\/loko.ee\\\/#website\"},\"primaryImageOfPage\":{\"@id\":\"https:\\\/\\\/loko.ee\\\/toode\\\/kaltsuvaip-triibuline\\\/#primaryimage\"},\"image\":{\"@id\":\"https:\\\/\\\/loko.ee\\\/toode\\\/kaltsuvaip-triibuline\\\/#primaryimage\"},\"thumbnailUrl\":\"https:\\\/\\\/www.loko.ee\\\/wp-content\\\/uploads\\\/2024\\\/05\\\/Kaltsuvaip_puhalepa_triibuga_Loko-scaled.jpg\",\"datePublished\":\"2024-05-27T08:52:31+00:00\",\"dateModified\":\"2026-05-02T12:24:25+00:00\",\"description\":\"K\u00e4sit\u00f6\u00f6na kangastelgedel kootud kaltsuvaip, valminud trikotaa\u017eiribadest. Vaiba muster on inspireeritud Hiiumaa P\u00fchalepa seelikutriipudest.\",\"breadcrumb\":{\"@id\":\"https:\\\/\\\/loko.ee\\\/toode\\\/kaltsuvaip-triibuline\\\/#breadcrumb\"},\"inLanguage\":\"en-US\",\"potentialAction\":[{\"@type\":\"ReadAction\",\"target\":[\"https:\\\/\\\/loko.ee\\\/toode\\\/kaltsuvaip-triibuline\\\/\"]}]},{\"@type\":\"ImageObject\",\"inLanguage\":\"en-US\",\"@id\":\"https:\\\/\\\/loko.ee\\\/toode\\\/kaltsuvaip-triibuline\\\/#primaryimage\",\"url\":\"https:\\\/\\\/www.loko.ee\\\/wp-content\\\/uploads\\\/2024\\\/05\\\/Kaltsuvaip_puhalepa_triibuga_Loko-scaled.jpg\",\"contentUrl\":\"https:\\\/\\\/www.loko.ee\\\/wp-content\\\/uploads\\\/2024\\\/05\\\/Kaltsuvaip_puhalepa_triibuga_Loko-scaled.jpg\",\"width\":2560,\"height\":2560,\"caption\":\"Kaltsuvaip p\u00fchalepa triiburiide mustriga Loko\"},{\"@type\":\"BreadcrumbList\",\"@id\":\"https:\\\/\\\/loko.ee\\\/toode\\\/kaltsuvaip-triibuline\\\/#breadcrumb\",\"itemListElement\":[{\"@type\":\"ListItem\",\"position\":1,\"name\":\"Home\",\"item\":\"https:\\\/\\\/loko.ee\\\/\"},{\"@type\":\"ListItem\",\"position\":2,\"name\":\"E-pood\",\"item\":\"https:\\\/\\\/loko.ee\\\/e-pood\\\/\"},{\"@type\":\"ListItem\",\"position\":3,\"name\":\"Kaltsuvaip 84&#215;185 cm\"}]},{\"@type\":\"WebSite\",\"@id\":\"https:\\\/\\\/loko.ee\\\/#website\",\"url\":\"https:\\\/\\\/loko.ee\\\/\",\"name\":\"\",\"description\":\"Sisustustooted\",\"potentialAction\":[{\"@type\":\"SearchAction\",\"target\":{\"@type\":\"EntryPoint\",\"urlTemplate\":\"https:\\\/\\\/loko.ee\\\/?s={search_term_string}\"},\"query-input\":{\"@type\":\"PropertyValueSpecification\",\"valueRequired\":true,\"valueName\":\"search_term_string\"}}],\"inLanguage\":\"en-US\"}]}<\/script>\n<!-- \/ Yoast SEO plugin. -->","yoast_head_json":{"title":"Kaltsuvaip 84x185 cm - Hiiumaa k\u00e4sit\u00f6\u00f6 - Uus p\u00f5randavaip - Loko","description":"K\u00e4sit\u00f6\u00f6na kangastelgedel kootud kaltsuvaip, valminud trikotaa\u017eiribadest. Vaiba muster on inspireeritud Hiiumaa P\u00fchalepa seelikutriipudest.","robots":{"index":"index","follow":"follow","max-snippet":"max-snippet:-1","max-image-preview":"max-image-preview:large","max-video-preview":"max-video-preview:-1"},"canonical":"https:\/\/loko.ee\/toode\/kaltsuvaip-triibuline\/","og_locale":"en_US","og_type":"article","og_title":"Kaltsuvaip 84x185 cm - Hiiumaa k\u00e4sit\u00f6\u00f6 - Uus p\u00f5randavaip - Loko","og_description":"K\u00e4sit\u00f6\u00f6na kangastelgedel kootud kaltsuvaip, valminud trikotaa\u017eiribadest. Vaiba muster on inspireeritud Hiiumaa P\u00fchalepa seelikutriipudest.","og_url":"https:\/\/loko.ee\/toode\/kaltsuvaip-triibuline\/","article_modified_time":"2026-05-02T12:24:25+00:00","og_image":[{"width":2560,"height":2560,"url":"https:\/\/loko.ee\/wp-content\/uploads\/2024\/05\/Kaltsuvaip_puhalepa_triibuga_Loko-scaled.jpg","type":"image\/jpeg"}],"twitter_card":"summary_large_image","twitter_misc":{"Est. reading time":"1 minute"},"schema":{"@context":"https:\/\/schema.org","@graph":[{"@type":"WebPage","@id":"https:\/\/loko.ee\/toode\/kaltsuvaip-triibuline\/","url":"https:\/\/loko.ee\/toode\/kaltsuvaip-triibuline\/","name":"Kaltsuvaip 84x185 cm - Hiiumaa k\u00e4sit\u00f6\u00f6 - Uus p\u00f5randavaip - Loko","isPartOf":{"@id":"https:\/\/loko.ee\/#website"},"primaryImageOfPage":{"@id":"https:\/\/loko.ee\/toode\/kaltsuvaip-triibuline\/#primaryimage"},"image":{"@id":"https:\/\/loko.ee\/toode\/kaltsuvaip-triibuline\/#primaryimage"},"thumbnailUrl":"https:\/\/www.loko.ee\/wp-content\/uploads\/2024\/05\/Kaltsuvaip_puhalepa_triibuga_Loko-scaled.jpg","datePublished":"2024-05-27T08:52:31+00:00","dateModified":"2026-05-02T12:24:25+00:00","description":"K\u00e4sit\u00f6\u00f6na kangastelgedel kootud kaltsuvaip, valminud trikotaa\u017eiribadest. Vaiba muster on inspireeritud Hiiumaa P\u00fchalepa seelikutriipudest.","breadcrumb":{"@id":"https:\/\/loko.ee\/toode\/kaltsuvaip-triibuline\/#breadcrumb"},"inLanguage":"en-US","potentialAction":[{"@type":"ReadAction","target":["https:\/\/loko.ee\/toode\/kaltsuvaip-triibuline\/"]}]},{"@type":"ImageObject","inLanguage":"en-US","@id":"https:\/\/loko.ee\/toode\/kaltsuvaip-triibuline\/#primaryimage","url":"https:\/\/www.loko.ee\/wp-content\/uploads\/2024\/05\/Kaltsuvaip_puhalepa_triibuga_Loko-scaled.jpg","contentUrl":"https:\/\/www.loko.ee\/wp-content\/uploads\/2024\/05\/Kaltsuvaip_puhalepa_triibuga_Loko-scaled.jpg","width":2560,"height":2560,"caption":"Kaltsuvaip p\u00fchalepa triiburiide mustriga Loko"},{"@type":"BreadcrumbList","@id":"https:\/\/loko.ee\/toode\/kaltsuvaip-triibuline\/#breadcrumb","itemListElement":[{"@type":"ListItem","position":1,"name":"Home","item":"https:\/\/loko.ee\/"},{"@type":"ListItem","position":2,"name":"E-pood","item":"https:\/\/loko.ee\/e-pood\/"},{"@type":"ListItem","position":3,"name":"Kaltsuvaip 84&#215;185 cm"}]},{"@type":"WebSite","@id":"https:\/\/loko.ee\/#website","url":"https:\/\/loko.ee\/","name":"","description":"Sisustustooted","potentialAction":[{"@type":"SearchAction","target":{"@type":"EntryPoint","urlTemplate":"https:\/\/loko.ee\/?s={search_term_string}"},"query-input":{"@type":"PropertyValueSpecification","valueRequired":true,"valueName":"search_term_string"}}],"inLanguage":"en-US"}]}},"_links":{"self":[{"href":"https:\/\/www.loko.ee\/en\/wp-json\/wp\/v2\/product\/3011","targetHints":{"allow":["GET"]}}],"collection":[{"href":"https:\/\/www.loko.ee\/en\/wp-json\/wp\/v2\/product"}],"about":[{"href":"https:\/\/www.loko.ee\/en\/wp-json\/wp\/v2\/types\/product"}],"wp:featuredmedia":[{"embeddable":true,"href":"https:\/\/www.loko.ee\/en\/wp-json\/wp\/v2\/media\/4403"}],"wp:attachment":[{"href":"https:\/\/www.loko.ee\/en\/wp-json\/wp\/v2\/media?parent=3011"}],"wp:term":[{"taxonomy":"product_brand","embeddable":true,"href":"https:\/\/www.loko.ee\/en\/wp-json\/wp\/v2\/product_brand?post=3011"},{"taxonomy":"product_cat","embeddable":true,"href":"https:\/\/www.loko.ee\/en\/wp-json\/wp\/v2\/product_cat?post=3011"},{"taxonomy":"product_tag","embeddable":true,"href":"https:\/\/www.loko.ee\/en\/wp-json\/wp\/v2\/product_tag?post=3011"},{"taxonomy":"woo-feed-brand","embeddable":true,"href":"https:\/\/www.loko.ee\/en\/wp-json\/wp\/v2\/woo-feed-brand?post=3011"}],"curies":[{"name":"wp","href":"https:\/\/api.w.org\/{rel}","templated":true}]}}