{"id":439,"date":"2020-04-19T18:52:45","date_gmt":"2020-04-19T16:52:45","guid":{"rendered":"https:\/\/loko.ee\/?post_type=product&#038;p=439"},"modified":"2025-12-16T10:57:05","modified_gmt":"2025-12-16T08:57:05","slug":"linik","status":"publish","type":"product","link":"https:\/\/www.loko.ee\/en\/product\/linik\/","title":{"rendered":"Table runner Hiiumaa"},"content":{"rendered":"","protected":false},"excerpt":{"rendered":"<p>Vahel tahaks pidup\u00e4eva puhul liniku lauale l\u00fc\u00fca? Linik ehk kitsas lauakate sobib selleks h\u00e4sti. Kootud Hiiumaa P\u00fchalepa kindakirja mustri ainetel.<\/p>\n<p>Suurus 145 x 40 cm.<br \/>\nKoostis 52% lina, 48% puuvill.<br \/>\nV\u00f5ib pesta pesumasinas 40 kraadi juures.<\/p>","protected":false},"featured_media":438,"template":"","meta":[],"product_brand":[],"product_cat":[22,49],"product_tag":[],"woo-feed-brand":[],"class_list":{"0":"post-439","1":"product","2":"type-product","3":"status-publish","4":"has-post-thumbnail","6":"product_cat-koik-tooted","7":"product_cat-laudlinad","9":"first","10":"instock","11":"taxable","12":"shipping-taxable","13":"purchasable","14":"product-type-simple"},"yoast_head":"<!-- This site is optimized with the Yoast SEO plugin v27.4 - https:\/\/yoast.com\/product\/yoast-seo-wordpress\/ -->\n<title>Linane linik - Laudlina - Sisustustekstiil - Eesti disain - Loko<\/title>\n<meta name=\"description\" content=\"Vahel tahaks pidup\u00e4eva puhul liniku lauale l\u00fc\u00fca? Linane linik ehk kitsas lauakate sobib selleks h\u00e4sti. Kootud Hiiumaa P\u00fchalepa kindakirja mustri ainetel.\" \/>\n<meta name=\"robots\" content=\"index, follow, max-snippet:-1, max-image-preview:large, max-video-preview:-1\" \/>\n<link rel=\"canonical\" href=\"https:\/\/loko.ee\/toode\/linik\/\" \/>\n<meta property=\"og:locale\" content=\"en_US\" \/>\n<meta property=\"og:type\" content=\"article\" \/>\n<meta property=\"og:title\" content=\"Linane linik - Laudlina - Sisustustekstiil - Eesti disain - Loko\" \/>\n<meta property=\"og:description\" content=\"Vahel tahaks pidup\u00e4eva puhul liniku lauale l\u00fc\u00fca? Linane linik ehk kitsas lauakate sobib selleks h\u00e4sti. Kootud Hiiumaa P\u00fchalepa kindakirja mustri ainetel.\" \/>\n<meta property=\"og:url\" content=\"https:\/\/loko.ee\/toode\/linik\/\" \/>\n<meta property=\"article:modified_time\" content=\"2025-12-16T08:57:05+00:00\" \/>\n<meta property=\"og:image\" content=\"https:\/\/www.loko.ee\/wp-content\/uploads\/2020\/04\/Loko_laualina_kitsas2-scaled.jpg\" \/>\n\t<meta property=\"og:image:width\" content=\"2560\" \/>\n\t<meta property=\"og:image:height\" content=\"2560\" \/>\n\t<meta property=\"og:image:type\" content=\"image\/jpeg\" \/>\n<meta name=\"twitter:card\" content=\"summary_large_image\" \/>\n<meta name=\"twitter:label1\" content=\"Est. reading time\" \/>\n\t<meta name=\"twitter:data1\" content=\"1 minute\" \/>\n<script type=\"application\/ld+json\" class=\"yoast-schema-graph\">{\"@context\":\"https:\\\/\\\/schema.org\",\"@graph\":[{\"@type\":\"WebPage\",\"@id\":\"https:\\\/\\\/loko.ee\\\/toode\\\/linik\\\/\",\"url\":\"https:\\\/\\\/loko.ee\\\/toode\\\/linik\\\/\",\"name\":\"Linane linik - Laudlina - Sisustustekstiil - Eesti disain - Loko\",\"isPartOf\":{\"@id\":\"https:\\\/\\\/loko.ee\\\/#website\"},\"primaryImageOfPage\":{\"@id\":\"https:\\\/\\\/loko.ee\\\/toode\\\/linik\\\/#primaryimage\"},\"image\":{\"@id\":\"https:\\\/\\\/loko.ee\\\/toode\\\/linik\\\/#primaryimage\"},\"thumbnailUrl\":\"https:\\\/\\\/www.loko.ee\\\/wp-content\\\/uploads\\\/2020\\\/04\\\/Loko_laualina_kitsas2-scaled.jpg\",\"datePublished\":\"2020-04-19T16:52:45+00:00\",\"dateModified\":\"2025-12-16T08:57:05+00:00\",\"description\":\"Vahel tahaks pidup\u00e4eva puhul liniku lauale l\u00fc\u00fca? Linane linik ehk kitsas lauakate sobib selleks h\u00e4sti. Kootud Hiiumaa P\u00fchalepa kindakirja mustri ainetel.\",\"breadcrumb\":{\"@id\":\"https:\\\/\\\/loko.ee\\\/toode\\\/linik\\\/#breadcrumb\"},\"inLanguage\":\"en-US\",\"potentialAction\":[{\"@type\":\"ReadAction\",\"target\":[\"https:\\\/\\\/loko.ee\\\/toode\\\/linik\\\/\"]}]},{\"@type\":\"ImageObject\",\"inLanguage\":\"en-US\",\"@id\":\"https:\\\/\\\/loko.ee\\\/toode\\\/linik\\\/#primaryimage\",\"url\":\"https:\\\/\\\/www.loko.ee\\\/wp-content\\\/uploads\\\/2020\\\/04\\\/Loko_laualina_kitsas2-scaled.jpg\",\"contentUrl\":\"https:\\\/\\\/www.loko.ee\\\/wp-content\\\/uploads\\\/2020\\\/04\\\/Loko_laualina_kitsas2-scaled.jpg\",\"width\":2560,\"height\":2560,\"caption\":\"Laualina kaheksakand Loko\"},{\"@type\":\"BreadcrumbList\",\"@id\":\"https:\\\/\\\/loko.ee\\\/toode\\\/linik\\\/#breadcrumb\",\"itemListElement\":[{\"@type\":\"ListItem\",\"position\":1,\"name\":\"Home\",\"item\":\"https:\\\/\\\/www.loko.ee\\\/\"},{\"@type\":\"ListItem\",\"position\":2,\"name\":\"E-pood\",\"item\":\"https:\\\/\\\/www.loko.ee\\\/e-pood\\\/\"},{\"@type\":\"ListItem\",\"position\":3,\"name\":\"Linik kaheksakanna mustriga\"}]},{\"@type\":\"WebSite\",\"@id\":\"https:\\\/\\\/loko.ee\\\/#website\",\"url\":\"https:\\\/\\\/loko.ee\\\/\",\"name\":\"\",\"description\":\"Sisustustooted\",\"potentialAction\":[{\"@type\":\"SearchAction\",\"target\":{\"@type\":\"EntryPoint\",\"urlTemplate\":\"https:\\\/\\\/loko.ee\\\/?s={search_term_string}\"},\"query-input\":{\"@type\":\"PropertyValueSpecification\",\"valueRequired\":true,\"valueName\":\"search_term_string\"}}],\"inLanguage\":\"en-US\"}]}<\/script>\n<!-- \/ Yoast SEO plugin. -->","yoast_head_json":{"title":"Linane linik - Laudlina - Sisustustekstiil - Eesti disain - Loko","description":"Vahel tahaks pidup\u00e4eva puhul liniku lauale l\u00fc\u00fca? Linane linik ehk kitsas lauakate sobib selleks h\u00e4sti. Kootud Hiiumaa P\u00fchalepa kindakirja mustri ainetel.","robots":{"index":"index","follow":"follow","max-snippet":"max-snippet:-1","max-image-preview":"max-image-preview:large","max-video-preview":"max-video-preview:-1"},"canonical":"https:\/\/loko.ee\/toode\/linik\/","og_locale":"en_US","og_type":"article","og_title":"Linane linik - Laudlina - Sisustustekstiil - Eesti disain - Loko","og_description":"Vahel tahaks pidup\u00e4eva puhul liniku lauale l\u00fc\u00fca? Linane linik ehk kitsas lauakate sobib selleks h\u00e4sti. Kootud Hiiumaa P\u00fchalepa kindakirja mustri ainetel.","og_url":"https:\/\/loko.ee\/toode\/linik\/","article_modified_time":"2025-12-16T08:57:05+00:00","og_image":[{"width":2560,"height":2560,"url":"https:\/\/www.loko.ee\/wp-content\/uploads\/2020\/04\/Loko_laualina_kitsas2-scaled.jpg","type":"image\/jpeg"}],"twitter_card":"summary_large_image","twitter_misc":{"Est. reading time":"1 minute"},"schema":{"@context":"https:\/\/schema.org","@graph":[{"@type":"WebPage","@id":"https:\/\/loko.ee\/toode\/linik\/","url":"https:\/\/loko.ee\/toode\/linik\/","name":"Linane linik - Laudlina - Sisustustekstiil - Eesti disain - Loko","isPartOf":{"@id":"https:\/\/loko.ee\/#website"},"primaryImageOfPage":{"@id":"https:\/\/loko.ee\/toode\/linik\/#primaryimage"},"image":{"@id":"https:\/\/loko.ee\/toode\/linik\/#primaryimage"},"thumbnailUrl":"https:\/\/www.loko.ee\/wp-content\/uploads\/2020\/04\/Loko_laualina_kitsas2-scaled.jpg","datePublished":"2020-04-19T16:52:45+00:00","dateModified":"2025-12-16T08:57:05+00:00","description":"Vahel tahaks pidup\u00e4eva puhul liniku lauale l\u00fc\u00fca? Linane linik ehk kitsas lauakate sobib selleks h\u00e4sti. Kootud Hiiumaa P\u00fchalepa kindakirja mustri ainetel.","breadcrumb":{"@id":"https:\/\/loko.ee\/toode\/linik\/#breadcrumb"},"inLanguage":"en-US","potentialAction":[{"@type":"ReadAction","target":["https:\/\/loko.ee\/toode\/linik\/"]}]},{"@type":"ImageObject","inLanguage":"en-US","@id":"https:\/\/loko.ee\/toode\/linik\/#primaryimage","url":"https:\/\/www.loko.ee\/wp-content\/uploads\/2020\/04\/Loko_laualina_kitsas2-scaled.jpg","contentUrl":"https:\/\/www.loko.ee\/wp-content\/uploads\/2020\/04\/Loko_laualina_kitsas2-scaled.jpg","width":2560,"height":2560,"caption":"Laualina kaheksakand Loko"},{"@type":"BreadcrumbList","@id":"https:\/\/loko.ee\/toode\/linik\/#breadcrumb","itemListElement":[{"@type":"ListItem","position":1,"name":"Home","item":"https:\/\/www.loko.ee\/"},{"@type":"ListItem","position":2,"name":"E-pood","item":"https:\/\/www.loko.ee\/e-pood\/"},{"@type":"ListItem","position":3,"name":"Linik kaheksakanna mustriga"}]},{"@type":"WebSite","@id":"https:\/\/loko.ee\/#website","url":"https:\/\/loko.ee\/","name":"","description":"Sisustustooted","potentialAction":[{"@type":"SearchAction","target":{"@type":"EntryPoint","urlTemplate":"https:\/\/loko.ee\/?s={search_term_string}"},"query-input":{"@type":"PropertyValueSpecification","valueRequired":true,"valueName":"search_term_string"}}],"inLanguage":"en-US"}]}},"_links":{"self":[{"href":"https:\/\/www.loko.ee\/en\/wp-json\/wp\/v2\/product\/439","targetHints":{"allow":["GET"]}}],"collection":[{"href":"https:\/\/www.loko.ee\/en\/wp-json\/wp\/v2\/product"}],"about":[{"href":"https:\/\/www.loko.ee\/en\/wp-json\/wp\/v2\/types\/product"}],"wp:featuredmedia":[{"embeddable":true,"href":"https:\/\/www.loko.ee\/en\/wp-json\/wp\/v2\/media\/438"}],"wp:attachment":[{"href":"https:\/\/www.loko.ee\/en\/wp-json\/wp\/v2\/media?parent=439"}],"wp:term":[{"taxonomy":"product_brand","embeddable":true,"href":"https:\/\/www.loko.ee\/en\/wp-json\/wp\/v2\/product_brand?post=439"},{"taxonomy":"product_cat","embeddable":true,"href":"https:\/\/www.loko.ee\/en\/wp-json\/wp\/v2\/product_cat?post=439"},{"taxonomy":"product_tag","embeddable":true,"href":"https:\/\/www.loko.ee\/en\/wp-json\/wp\/v2\/product_tag?post=439"},{"taxonomy":"woo-feed-brand","embeddable":true,"href":"https:\/\/www.loko.ee\/en\/wp-json\/wp\/v2\/woo-feed-brand?post=439"}],"curies":[{"name":"wp","href":"https:\/\/api.w.org\/{rel}","templated":true}]}}