{"id":607,"date":"2020-07-05T22:14:42","date_gmt":"2020-07-05T20:14:42","guid":{"rendered":"https:\/\/loko.ee\/?post_type=product&#038;p=607"},"modified":"2026-03-21T17:15:05","modified_gmt":"2026-03-21T15:15:05","slug":"potivalvur","status":"publish","type":"product","link":"https:\/\/www.loko.ee\/en\/product\/potivalvur\/","title":{"rendered":"Pot guard"},"content":{"rendered":"","protected":false},"excerpt":{"rendered":"<p class=\"p1\">Potivalvuriga ei kee kartulid enam kunagi \u00fcle! \u00dcks \u00fctlemata hea abiline k\u00f6\u00f6gis ja tore kingiidee naabrinaisele k\u00fclla minnes.<\/p>\n<p class=\"p1\">Potivalvur tuleb panna poti serva ja kaane vahele, et aur p\u00e4\u00e4seks potist v\u00e4lja ja ei laseks veel \u00fcle keeda. Lisaks on potivalvuri abiga ka hea keeduvett potist v\u00e4lja valada!<\/p>","protected":false},"featured_media":611,"template":"","meta":[],"product_brand":[],"product_cat":[22,27],"product_tag":[],"woo-feed-brand":[],"class_list":{"0":"post-607","1":"product","2":"type-product","3":"status-publish","4":"has-post-thumbnail","6":"product_cat-koik-tooted","7":"product_cat-muu","9":"first","10":"instock","11":"taxable","12":"shipping-taxable","13":"purchasable","14":"product-type-simple"},"yoast_head":"<!-- This site is optimized with the Yoast SEO plugin v27.2 - https:\/\/yoast.com\/product\/yoast-seo-wordpress\/ -->\n<title>Potivalvur - Tore abiline k\u00f6\u00f6gis - Hea kingiidee - Loko<\/title>\n<meta name=\"description\" content=\"Potivalvur - ja kartulid ei kee enam kunagi \u00fcle! \u00dcks \u00fctlemata hea abiline k\u00f6\u00f6gis ja tore kingiidee naabrinaisele k\u00fclla minnes.\" \/>\n<meta name=\"robots\" content=\"index, follow, max-snippet:-1, max-image-preview:large, max-video-preview:-1\" \/>\n<link rel=\"canonical\" href=\"https:\/\/www.loko.ee\/en\/product\/potivalvur\/\" \/>\n<meta property=\"og:locale\" content=\"en_US\" \/>\n<meta property=\"og:type\" content=\"article\" \/>\n<meta property=\"og:title\" content=\"Potivalvur - Tore abiline k\u00f6\u00f6gis - Hea kingiidee - Loko\" \/>\n<meta property=\"og:description\" content=\"Potivalvur - ja kartulid ei kee enam kunagi \u00fcle! \u00dcks \u00fctlemata hea abiline k\u00f6\u00f6gis ja tore kingiidee naabrinaisele k\u00fclla minnes.\" \/>\n<meta property=\"og:url\" content=\"https:\/\/www.loko.ee\/en\/product\/potivalvur\/\" \/>\n<meta property=\"article:modified_time\" content=\"2026-03-21T15:15:05+00:00\" \/>\n<meta property=\"og:image\" content=\"https:\/\/loko.ee\/wp-content\/uploads\/2020\/07\/Loko_potivalvur-scaled.jpg\" \/>\n\t<meta property=\"og:image:width\" content=\"2560\" \/>\n\t<meta property=\"og:image:height\" content=\"2560\" \/>\n\t<meta property=\"og:image:type\" content=\"image\/jpeg\" \/>\n<meta name=\"twitter:card\" content=\"summary_large_image\" \/>\n<script type=\"application\/ld+json\" class=\"yoast-schema-graph\">{\"@context\":\"https:\/\/schema.org\",\"@graph\":[{\"@type\":\"WebPage\",\"@id\":\"https:\/\/www.loko.ee\/en\/product\/potivalvur\/\",\"url\":\"https:\/\/www.loko.ee\/en\/product\/potivalvur\/\",\"name\":\"Potivalvur - Tore abiline k\u00f6\u00f6gis - Hea kingiidee - Loko\",\"isPartOf\":{\"@id\":\"https:\/\/loko.ee\/#website\"},\"primaryImageOfPage\":{\"@id\":\"https:\/\/www.loko.ee\/en\/product\/potivalvur\/#primaryimage\"},\"image\":{\"@id\":\"https:\/\/www.loko.ee\/en\/product\/potivalvur\/#primaryimage\"},\"thumbnailUrl\":\"https:\/\/www.loko.ee\/wp-content\/uploads\/2020\/07\/Loko_potivalvur-scaled.jpg\",\"datePublished\":\"2020-07-05T20:14:42+00:00\",\"dateModified\":\"2026-03-21T15:15:05+00:00\",\"description\":\"Potivalvur - ja kartulid ei kee enam kunagi \u00fcle! \u00dcks \u00fctlemata hea abiline k\u00f6\u00f6gis ja tore kingiidee naabrinaisele k\u00fclla minnes.\",\"breadcrumb\":{\"@id\":\"https:\/\/www.loko.ee\/en\/product\/potivalvur\/#breadcrumb\"},\"inLanguage\":\"en-US\",\"potentialAction\":[{\"@type\":\"ReadAction\",\"target\":[\"https:\/\/www.loko.ee\/en\/product\/potivalvur\/\"]}]},{\"@type\":\"ImageObject\",\"inLanguage\":\"en-US\",\"@id\":\"https:\/\/www.loko.ee\/en\/product\/potivalvur\/#primaryimage\",\"url\":\"https:\/\/www.loko.ee\/wp-content\/uploads\/2020\/07\/Loko_potivalvur-scaled.jpg\",\"contentUrl\":\"https:\/\/www.loko.ee\/wp-content\/uploads\/2020\/07\/Loko_potivalvur-scaled.jpg\",\"width\":2560,\"height\":2560,\"caption\":\"Potivalvur Loko\"},{\"@type\":\"BreadcrumbList\",\"@id\":\"https:\/\/www.loko.ee\/en\/product\/potivalvur\/#breadcrumb\",\"itemListElement\":[{\"@type\":\"ListItem\",\"position\":1,\"name\":\"Home\",\"item\":\"https:\/\/loko.ee\/\"},{\"@type\":\"ListItem\",\"position\":2,\"name\":\"E-pood\",\"item\":\"https:\/\/loko.ee\/e-pood\/\"},{\"@type\":\"ListItem\",\"position\":3,\"name\":\"Potivalvur\"}]},{\"@type\":\"WebSite\",\"@id\":\"https:\/\/loko.ee\/#website\",\"url\":\"https:\/\/loko.ee\/\",\"name\":\"\",\"description\":\"Sisustustooted\",\"potentialAction\":[{\"@type\":\"SearchAction\",\"target\":{\"@type\":\"EntryPoint\",\"urlTemplate\":\"https:\/\/loko.ee\/?s={search_term_string}\"},\"query-input\":{\"@type\":\"PropertyValueSpecification\",\"valueRequired\":true,\"valueName\":\"search_term_string\"}}],\"inLanguage\":\"en-US\"}]}<\/script>\n<!-- \/ Yoast SEO plugin. -->","yoast_head_json":{"title":"Potivalvur - Tore abiline k\u00f6\u00f6gis - Hea kingiidee - Loko","description":"Potivalvur - ja kartulid ei kee enam kunagi \u00fcle! \u00dcks \u00fctlemata hea abiline k\u00f6\u00f6gis ja tore kingiidee naabrinaisele k\u00fclla minnes.","robots":{"index":"index","follow":"follow","max-snippet":"max-snippet:-1","max-image-preview":"max-image-preview:large","max-video-preview":"max-video-preview:-1"},"canonical":"https:\/\/www.loko.ee\/en\/product\/potivalvur\/","og_locale":"en_US","og_type":"article","og_title":"Potivalvur - Tore abiline k\u00f6\u00f6gis - Hea kingiidee - Loko","og_description":"Potivalvur - ja kartulid ei kee enam kunagi \u00fcle! \u00dcks \u00fctlemata hea abiline k\u00f6\u00f6gis ja tore kingiidee naabrinaisele k\u00fclla minnes.","og_url":"https:\/\/www.loko.ee\/en\/product\/potivalvur\/","article_modified_time":"2026-03-21T15:15:05+00:00","og_image":[{"width":2560,"height":2560,"url":"https:\/\/loko.ee\/wp-content\/uploads\/2020\/07\/Loko_potivalvur-scaled.jpg","type":"image\/jpeg"}],"twitter_card":"summary_large_image","schema":{"@context":"https:\/\/schema.org","@graph":[{"@type":"WebPage","@id":"https:\/\/www.loko.ee\/en\/product\/potivalvur\/","url":"https:\/\/www.loko.ee\/en\/product\/potivalvur\/","name":"Potivalvur - Tore abiline k\u00f6\u00f6gis - Hea kingiidee - Loko","isPartOf":{"@id":"https:\/\/loko.ee\/#website"},"primaryImageOfPage":{"@id":"https:\/\/www.loko.ee\/en\/product\/potivalvur\/#primaryimage"},"image":{"@id":"https:\/\/www.loko.ee\/en\/product\/potivalvur\/#primaryimage"},"thumbnailUrl":"https:\/\/www.loko.ee\/wp-content\/uploads\/2020\/07\/Loko_potivalvur-scaled.jpg","datePublished":"2020-07-05T20:14:42+00:00","dateModified":"2026-03-21T15:15:05+00:00","description":"Potivalvur - ja kartulid ei kee enam kunagi \u00fcle! \u00dcks \u00fctlemata hea abiline k\u00f6\u00f6gis ja tore kingiidee naabrinaisele k\u00fclla minnes.","breadcrumb":{"@id":"https:\/\/www.loko.ee\/en\/product\/potivalvur\/#breadcrumb"},"inLanguage":"en-US","potentialAction":[{"@type":"ReadAction","target":["https:\/\/www.loko.ee\/en\/product\/potivalvur\/"]}]},{"@type":"ImageObject","inLanguage":"en-US","@id":"https:\/\/www.loko.ee\/en\/product\/potivalvur\/#primaryimage","url":"https:\/\/www.loko.ee\/wp-content\/uploads\/2020\/07\/Loko_potivalvur-scaled.jpg","contentUrl":"https:\/\/www.loko.ee\/wp-content\/uploads\/2020\/07\/Loko_potivalvur-scaled.jpg","width":2560,"height":2560,"caption":"Potivalvur Loko"},{"@type":"BreadcrumbList","@id":"https:\/\/www.loko.ee\/en\/product\/potivalvur\/#breadcrumb","itemListElement":[{"@type":"ListItem","position":1,"name":"Home","item":"https:\/\/loko.ee\/"},{"@type":"ListItem","position":2,"name":"E-pood","item":"https:\/\/loko.ee\/e-pood\/"},{"@type":"ListItem","position":3,"name":"Potivalvur"}]},{"@type":"WebSite","@id":"https:\/\/loko.ee\/#website","url":"https:\/\/loko.ee\/","name":"","description":"Sisustustooted","potentialAction":[{"@type":"SearchAction","target":{"@type":"EntryPoint","urlTemplate":"https:\/\/loko.ee\/?s={search_term_string}"},"query-input":{"@type":"PropertyValueSpecification","valueRequired":true,"valueName":"search_term_string"}}],"inLanguage":"en-US"}]}},"_links":{"self":[{"href":"https:\/\/www.loko.ee\/en\/wp-json\/wp\/v2\/product\/607","targetHints":{"allow":["GET"]}}],"collection":[{"href":"https:\/\/www.loko.ee\/en\/wp-json\/wp\/v2\/product"}],"about":[{"href":"https:\/\/www.loko.ee\/en\/wp-json\/wp\/v2\/types\/product"}],"wp:featuredmedia":[{"embeddable":true,"href":"https:\/\/www.loko.ee\/en\/wp-json\/wp\/v2\/media\/611"}],"wp:attachment":[{"href":"https:\/\/www.loko.ee\/en\/wp-json\/wp\/v2\/media?parent=607"}],"wp:term":[{"taxonomy":"product_brand","embeddable":true,"href":"https:\/\/www.loko.ee\/en\/wp-json\/wp\/v2\/product_brand?post=607"},{"taxonomy":"product_cat","embeddable":true,"href":"https:\/\/www.loko.ee\/en\/wp-json\/wp\/v2\/product_cat?post=607"},{"taxonomy":"product_tag","embeddable":true,"href":"https:\/\/www.loko.ee\/en\/wp-json\/wp\/v2\/product_tag?post=607"},{"taxonomy":"woo-feed-brand","embeddable":true,"href":"https:\/\/www.loko.ee\/en\/wp-json\/wp\/v2\/woo-feed-brand?post=607"}],"curies":[{"name":"wp","href":"https:\/\/api.w.org\/{rel}","templated":true}]}}