{"id":647,"date":"2020-07-22T10:18:49","date_gmt":"2020-07-22T08:18:49","guid":{"rendered":"https:\/\/loko.ee\/?post_type=product&#038;p=647"},"modified":"2026-02-22T11:22:57","modified_gmt":"2026-02-22T09:22:57","slug":"linik-setumaa","status":"publish","type":"product","link":"https:\/\/www.loko.ee\/en\/product\/linik-setumaa\/","title":{"rendered":"Table runner Setumaa"},"content":{"rendered":"","protected":false},"excerpt":{"rendered":"<p>Vahel tahaks pidup\u00e4eva puhul liniku lauale l\u00fc\u00fca? Linik ehk kitsas lauakate sobib selleks h\u00e4sti. Kootud Setumaa kindakirja mustri ainetel.<\/p>\n<p>Suurus 145 x 40 cm.<br \/>\nKoostis 52% lina, 48% puuvill.<br \/>\nV\u00f5ib pesta pesumasinas 40 kraadi juures.<\/p>","protected":false},"featured_media":639,"template":"","meta":[],"product_brand":[],"product_cat":[22,49],"product_tag":[],"woo-feed-brand":[],"class_list":{"0":"post-647","1":"product","2":"type-product","3":"status-publish","4":"has-post-thumbnail","6":"product_cat-koik-tooted","7":"product_cat-laudlinad","9":"first","10":"instock","11":"taxable","12":"shipping-taxable","13":"purchasable","14":"product-type-simple"},"yoast_head":"<!-- This site is optimized with the Yoast SEO plugin v27.4 - https:\/\/yoast.com\/product\/yoast-seo-wordpress\/ -->\n<title>Mustriga linik - Linik Setumaa - Laudlina - Eesti disain - Loko<\/title>\n<meta name=\"description\" content=\"Mustriga linik ehk kitsas lauakate sobib h\u00e4sti pidup\u00e4eval lauda kaunistatama. Linikut kaunistab Setumaa kindakirja muster.\" \/>\n<meta name=\"robots\" content=\"index, follow, max-snippet:-1, max-image-preview:large, max-video-preview:-1\" \/>\n<link rel=\"canonical\" href=\"https:\/\/loko.ee\/toode\/linik-setumaa\/\" \/>\n<meta property=\"og:locale\" content=\"en_US\" \/>\n<meta property=\"og:type\" content=\"article\" \/>\n<meta property=\"og:title\" content=\"Mustriga linik - Linik Setumaa - Laudlina - Eesti disain - Loko\" \/>\n<meta property=\"og:description\" content=\"Mustriga linik ehk kitsas lauakate sobib h\u00e4sti pidup\u00e4eval lauda kaunistatama. Linikut kaunistab Setumaa kindakirja muster.\" \/>\n<meta property=\"og:url\" content=\"https:\/\/loko.ee\/toode\/linik-setumaa\/\" \/>\n<meta property=\"article:modified_time\" content=\"2026-02-22T09:22:57+00:00\" \/>\n<meta property=\"og:image\" content=\"https:\/\/loko.ee\/wp-content\/uploads\/2020\/07\/Loko_linik_setumaa-scaled.jpg\" \/>\n\t<meta property=\"og:image:width\" content=\"2560\" \/>\n\t<meta property=\"og:image:height\" content=\"2560\" \/>\n\t<meta property=\"og:image:type\" content=\"image\/jpeg\" \/>\n<meta name=\"twitter:card\" content=\"summary_large_image\" \/>\n<meta name=\"twitter:label1\" content=\"Est. reading time\" \/>\n\t<meta name=\"twitter:data1\" content=\"1 minute\" \/>\n<script type=\"application\/ld+json\" class=\"yoast-schema-graph\">{\"@context\":\"https:\\\/\\\/schema.org\",\"@graph\":[{\"@type\":\"WebPage\",\"@id\":\"https:\\\/\\\/loko.ee\\\/toode\\\/linik-setumaa\\\/\",\"url\":\"https:\\\/\\\/loko.ee\\\/toode\\\/linik-setumaa\\\/\",\"name\":\"Mustriga linik - Linik Setumaa - Laudlina - Eesti disain - Loko\",\"isPartOf\":{\"@id\":\"https:\\\/\\\/loko.ee\\\/#website\"},\"primaryImageOfPage\":{\"@id\":\"https:\\\/\\\/loko.ee\\\/toode\\\/linik-setumaa\\\/#primaryimage\"},\"image\":{\"@id\":\"https:\\\/\\\/loko.ee\\\/toode\\\/linik-setumaa\\\/#primaryimage\"},\"thumbnailUrl\":\"https:\\\/\\\/loko.ee\\\/wp-content\\\/uploads\\\/2020\\\/07\\\/Loko_linik_setumaa-scaled.jpg\",\"datePublished\":\"2020-07-22T08:18:49+00:00\",\"dateModified\":\"2026-02-22T09:22:57+00:00\",\"description\":\"Mustriga linik ehk kitsas lauakate sobib h\u00e4sti pidup\u00e4eval lauda kaunistatama. Linikut kaunistab Setumaa kindakirja muster.\",\"breadcrumb\":{\"@id\":\"https:\\\/\\\/loko.ee\\\/toode\\\/linik-setumaa\\\/#breadcrumb\"},\"inLanguage\":\"en-US\",\"potentialAction\":[{\"@type\":\"ReadAction\",\"target\":[\"https:\\\/\\\/loko.ee\\\/toode\\\/linik-setumaa\\\/\"]}]},{\"@type\":\"ImageObject\",\"inLanguage\":\"en-US\",\"@id\":\"https:\\\/\\\/loko.ee\\\/toode\\\/linik-setumaa\\\/#primaryimage\",\"url\":\"https:\\\/\\\/loko.ee\\\/wp-content\\\/uploads\\\/2020\\\/07\\\/Loko_linik_setumaa-scaled.jpg\",\"contentUrl\":\"https:\\\/\\\/loko.ee\\\/wp-content\\\/uploads\\\/2020\\\/07\\\/Loko_linik_setumaa-scaled.jpg\",\"width\":2560,\"height\":2560,\"caption\":\"Linik Setumaa mustriga Loko\"},{\"@type\":\"BreadcrumbList\",\"@id\":\"https:\\\/\\\/loko.ee\\\/toode\\\/linik-setumaa\\\/#breadcrumb\",\"itemListElement\":[{\"@type\":\"ListItem\",\"position\":1,\"name\":\"Home\",\"item\":\"https:\\\/\\\/loko.ee\\\/en\\\/\"},{\"@type\":\"ListItem\",\"position\":2,\"name\":\"E-pood\",\"item\":\"https:\\\/\\\/www.loko.ee\\\/en\\\/e-pood\\\/\"},{\"@type\":\"ListItem\",\"position\":3,\"name\":\"Linik Setumaa\"}]},{\"@type\":\"WebSite\",\"@id\":\"https:\\\/\\\/loko.ee\\\/#website\",\"url\":\"https:\\\/\\\/loko.ee\\\/\",\"name\":\"\",\"description\":\"Sisustustooted\",\"potentialAction\":[{\"@type\":\"SearchAction\",\"target\":{\"@type\":\"EntryPoint\",\"urlTemplate\":\"https:\\\/\\\/loko.ee\\\/?s={search_term_string}\"},\"query-input\":{\"@type\":\"PropertyValueSpecification\",\"valueRequired\":true,\"valueName\":\"search_term_string\"}}],\"inLanguage\":\"en-US\"}]}<\/script>\n<!-- \/ Yoast SEO plugin. -->","yoast_head_json":{"title":"Mustriga linik - Linik Setumaa - Laudlina - Eesti disain - Loko","description":"Mustriga linik ehk kitsas lauakate sobib h\u00e4sti pidup\u00e4eval lauda kaunistatama. Linikut kaunistab Setumaa kindakirja muster.","robots":{"index":"index","follow":"follow","max-snippet":"max-snippet:-1","max-image-preview":"max-image-preview:large","max-video-preview":"max-video-preview:-1"},"canonical":"https:\/\/loko.ee\/toode\/linik-setumaa\/","og_locale":"en_US","og_type":"article","og_title":"Mustriga linik - Linik Setumaa - Laudlina - Eesti disain - Loko","og_description":"Mustriga linik ehk kitsas lauakate sobib h\u00e4sti pidup\u00e4eval lauda kaunistatama. Linikut kaunistab Setumaa kindakirja muster.","og_url":"https:\/\/loko.ee\/toode\/linik-setumaa\/","article_modified_time":"2026-02-22T09:22:57+00:00","og_image":[{"width":2560,"height":2560,"url":"https:\/\/loko.ee\/wp-content\/uploads\/2020\/07\/Loko_linik_setumaa-scaled.jpg","type":"image\/jpeg"}],"twitter_card":"summary_large_image","twitter_misc":{"Est. reading time":"1 minute"},"schema":{"@context":"https:\/\/schema.org","@graph":[{"@type":"WebPage","@id":"https:\/\/loko.ee\/toode\/linik-setumaa\/","url":"https:\/\/loko.ee\/toode\/linik-setumaa\/","name":"Mustriga linik - Linik Setumaa - Laudlina - Eesti disain - Loko","isPartOf":{"@id":"https:\/\/loko.ee\/#website"},"primaryImageOfPage":{"@id":"https:\/\/loko.ee\/toode\/linik-setumaa\/#primaryimage"},"image":{"@id":"https:\/\/loko.ee\/toode\/linik-setumaa\/#primaryimage"},"thumbnailUrl":"https:\/\/loko.ee\/wp-content\/uploads\/2020\/07\/Loko_linik_setumaa-scaled.jpg","datePublished":"2020-07-22T08:18:49+00:00","dateModified":"2026-02-22T09:22:57+00:00","description":"Mustriga linik ehk kitsas lauakate sobib h\u00e4sti pidup\u00e4eval lauda kaunistatama. Linikut kaunistab Setumaa kindakirja muster.","breadcrumb":{"@id":"https:\/\/loko.ee\/toode\/linik-setumaa\/#breadcrumb"},"inLanguage":"en-US","potentialAction":[{"@type":"ReadAction","target":["https:\/\/loko.ee\/toode\/linik-setumaa\/"]}]},{"@type":"ImageObject","inLanguage":"en-US","@id":"https:\/\/loko.ee\/toode\/linik-setumaa\/#primaryimage","url":"https:\/\/loko.ee\/wp-content\/uploads\/2020\/07\/Loko_linik_setumaa-scaled.jpg","contentUrl":"https:\/\/loko.ee\/wp-content\/uploads\/2020\/07\/Loko_linik_setumaa-scaled.jpg","width":2560,"height":2560,"caption":"Linik Setumaa mustriga Loko"},{"@type":"BreadcrumbList","@id":"https:\/\/loko.ee\/toode\/linik-setumaa\/#breadcrumb","itemListElement":[{"@type":"ListItem","position":1,"name":"Home","item":"https:\/\/loko.ee\/en\/"},{"@type":"ListItem","position":2,"name":"E-pood","item":"https:\/\/www.loko.ee\/en\/e-pood\/"},{"@type":"ListItem","position":3,"name":"Linik Setumaa"}]},{"@type":"WebSite","@id":"https:\/\/loko.ee\/#website","url":"https:\/\/loko.ee\/","name":"","description":"Sisustustooted","potentialAction":[{"@type":"SearchAction","target":{"@type":"EntryPoint","urlTemplate":"https:\/\/loko.ee\/?s={search_term_string}"},"query-input":{"@type":"PropertyValueSpecification","valueRequired":true,"valueName":"search_term_string"}}],"inLanguage":"en-US"}]}},"_links":{"self":[{"href":"https:\/\/www.loko.ee\/en\/wp-json\/wp\/v2\/product\/647","targetHints":{"allow":["GET"]}}],"collection":[{"href":"https:\/\/www.loko.ee\/en\/wp-json\/wp\/v2\/product"}],"about":[{"href":"https:\/\/www.loko.ee\/en\/wp-json\/wp\/v2\/types\/product"}],"wp:featuredmedia":[{"embeddable":true,"href":"https:\/\/www.loko.ee\/en\/wp-json\/wp\/v2\/media\/639"}],"wp:attachment":[{"href":"https:\/\/www.loko.ee\/en\/wp-json\/wp\/v2\/media?parent=647"}],"wp:term":[{"taxonomy":"product_brand","embeddable":true,"href":"https:\/\/www.loko.ee\/en\/wp-json\/wp\/v2\/product_brand?post=647"},{"taxonomy":"product_cat","embeddable":true,"href":"https:\/\/www.loko.ee\/en\/wp-json\/wp\/v2\/product_cat?post=647"},{"taxonomy":"product_tag","embeddable":true,"href":"https:\/\/www.loko.ee\/en\/wp-json\/wp\/v2\/product_tag?post=647"},{"taxonomy":"woo-feed-brand","embeddable":true,"href":"https:\/\/www.loko.ee\/en\/wp-json\/wp\/v2\/woo-feed-brand?post=647"}],"curies":[{"name":"wp","href":"https:\/\/api.w.org\/{rel}","templated":true}]}}